{"id":82145,"date":"2023-01-19T00:04:32","date_gmt":"2023-01-18T22:04:32","guid":{"rendered":"https:\/\/www.neptune.gr\/awards\/"},"modified":"2025-06-25T16:35:05","modified_gmt":"2025-06-25T13:35:05","slug":"awards","status":"publish","type":"page","link":"https:\/\/www.neptune.gr\/de\/awards\/","title":{"rendered":"Auszeichnungen"},"content":{"rendered":"","protected":false},"excerpt":{"rendered":"","protected":false},"author":1,"featured_media":0,"parent":0,"menu_order":238,"comment_status":"closed","ping_status":"closed","template":"templates\/timeline-awards.php","meta":{"_acf_changed":false,"inline_featured_image":false,"footnotes":""},"class_list":["post-82145","page","type-page","status-publish","hentry"],"acf":[],"yoast_head":"<!-- This site is optimized with the Yoast SEO plugin v26.6 - https:\/\/yoast.com\/wordpress\/plugins\/seo\/ -->\n<title>Auszeichnungen | Neptune Luxury Resort<\/title>\n<meta name=\"description\" content=\"Auf dieser Zeitlinie sind die verschiedenen Preise und Auszeichnungen dargestellt, die uns im Lauf der Jahre verliehen wurden und so von unserem Engagement zeugen, unseren G\u00e4sten eine rundum au\u00dfergew\u00f6hnliche Urlaubserfahrung zu bieten.\" \/>\n<meta name=\"robots\" content=\"index, follow, max-snippet:-1, max-image-preview:large, max-video-preview:-1\" \/>\n<link rel=\"canonical\" href=\"https:\/\/www.neptune.gr\/de\/awards\/\" \/>\n<meta property=\"og:locale\" content=\"de_DE\" \/>\n<meta property=\"og:type\" content=\"article\" \/>\n<meta property=\"og:title\" content=\"Auszeichnungen | Neptune Luxury Resort\" \/>\n<meta property=\"og:description\" content=\"Auf dieser Zeitlinie sind die verschiedenen Preise und Auszeichnungen dargestellt, die uns im Lauf der Jahre verliehen wurden und so von unserem Engagement zeugen, unseren G\u00e4sten eine rundum au\u00dfergew\u00f6hnliche Urlaubserfahrung zu bieten.\" \/>\n<meta property=\"og:url\" content=\"https:\/\/www.neptune.gr\/de\/awards\/\" \/>\n<meta property=\"og:site_name\" content=\"Neptune Luxury Resort\" \/>\n<meta property=\"article:publisher\" content=\"https:\/\/www.facebook.com\/NeptuneHotelsKos\/\" \/>\n<meta property=\"article:modified_time\" content=\"2025-06-25T13:35:05+00:00\" \/>\n<meta property=\"og:image\" content=\"https:\/\/www.neptune.gr\/wp-content\/uploads\/2023\/04\/neptune_signature_image.jpg\" \/>\n\t<meta property=\"og:image:width\" content=\"1200\" \/>\n\t<meta property=\"og:image:height\" content=\"675\" \/>\n\t<meta property=\"og:image:type\" content=\"image\/jpeg\" \/>\n<meta name=\"twitter:card\" content=\"summary_large_image\" \/>\n<script type=\"application\/ld+json\" class=\"yoast-schema-graph\">{\"@context\":\"https:\/\/schema.org\",\"@graph\":[{\"@type\":\"WebPage\",\"@id\":\"https:\/\/www.neptune.gr\/de\/awards\/\",\"url\":\"https:\/\/www.neptune.gr\/de\/awards\/\",\"name\":\"Auszeichnungen | Neptune Luxury Resort\",\"isPartOf\":{\"@id\":\"https:\/\/www.neptune.gr\/de\/#website\"},\"datePublished\":\"2023-01-18T22:04:32+00:00\",\"dateModified\":\"2025-06-25T13:35:05+00:00\",\"description\":\"Auf dieser Zeitlinie sind die verschiedenen Preise und Auszeichnungen dargestellt, die uns im Lauf der Jahre verliehen wurden und so von unserem Engagement zeugen, unseren G\u00e4sten eine rundum au\u00dfergew\u00f6hnliche Urlaubserfahrung zu bieten.\",\"breadcrumb\":{\"@id\":\"https:\/\/www.neptune.gr\/de\/awards\/#breadcrumb\"},\"inLanguage\":\"de-DE\",\"potentialAction\":[{\"@type\":\"ReadAction\",\"target\":[\"https:\/\/www.neptune.gr\/de\/awards\/\"]}]},{\"@type\":\"BreadcrumbList\",\"@id\":\"https:\/\/www.neptune.gr\/de\/awards\/#breadcrumb\",\"itemListElement\":[{\"@type\":\"ListItem\",\"position\":1,\"name\":\"Home\",\"item\":\"https:\/\/www.neptune.gr\/de\/\"},{\"@type\":\"ListItem\",\"position\":2,\"name\":\"Auszeichnungen\"}]},{\"@type\":\"WebSite\",\"@id\":\"https:\/\/www.neptune.gr\/de\/#website\",\"url\":\"https:\/\/www.neptune.gr\/de\/\",\"name\":\"Neptune Luxury Resort\",\"description\":\"\",\"publisher\":{\"@id\":\"https:\/\/www.neptune.gr\/de\/#organization\"},\"alternateName\":\"Neptune\",\"potentialAction\":[{\"@type\":\"SearchAction\",\"target\":{\"@type\":\"EntryPoint\",\"urlTemplate\":\"https:\/\/www.neptune.gr\/de\/?s={search_term_string}\"},\"query-input\":{\"@type\":\"PropertyValueSpecification\",\"valueRequired\":true,\"valueName\":\"search_term_string\"}}],\"inLanguage\":\"de-DE\"},{\"@type\":\"Organization\",\"@id\":\"https:\/\/www.neptune.gr\/de\/#organization\",\"name\":\"Neptune Luxury Resort\",\"alternateName\":\"Neptune\",\"url\":\"https:\/\/www.neptune.gr\/de\/\",\"logo\":{\"@type\":\"ImageObject\",\"inLanguage\":\"de-DE\",\"@id\":\"https:\/\/www.neptune.gr\/de\/#\/schema\/logo\/image\/\",\"url\":\"https:\/\/www.neptune.gr\/wp-content\/uploads\/2023\/04\/positive-logo-rgb-light.jpg\",\"contentUrl\":\"https:\/\/www.neptune.gr\/wp-content\/uploads\/2023\/04\/positive-logo-rgb-light.jpg\",\"width\":775,\"height\":600,\"caption\":\"Neptune Luxury Resort\"},\"image\":{\"@id\":\"https:\/\/www.neptune.gr\/de\/#\/schema\/logo\/image\/\"},\"sameAs\":[\"https:\/\/www.facebook.com\/NeptuneHotelsKos\/\",\"https:\/\/www.instagram.com\/neptunehotels\/\",\"https:\/\/www.linkedin.com\/company\/neptunehotelskos\/\"]}]}<\/script>\n<!-- \/ Yoast SEO plugin. -->","yoast_head_json":{"title":"Auszeichnungen | Neptune Luxury Resort","description":"Auf dieser Zeitlinie sind die verschiedenen Preise und Auszeichnungen dargestellt, die uns im Lauf der Jahre verliehen wurden und so von unserem Engagement zeugen, unseren G\u00e4sten eine rundum au\u00dfergew\u00f6hnliche Urlaubserfahrung zu bieten.","robots":{"index":"index","follow":"follow","max-snippet":"max-snippet:-1","max-image-preview":"max-image-preview:large","max-video-preview":"max-video-preview:-1"},"canonical":"https:\/\/www.neptune.gr\/de\/awards\/","og_locale":"de_DE","og_type":"article","og_title":"Auszeichnungen | Neptune Luxury Resort","og_description":"Auf dieser Zeitlinie sind die verschiedenen Preise und Auszeichnungen dargestellt, die uns im Lauf der Jahre verliehen wurden und so von unserem Engagement zeugen, unseren G\u00e4sten eine rundum au\u00dfergew\u00f6hnliche Urlaubserfahrung zu bieten.","og_url":"https:\/\/www.neptune.gr\/de\/awards\/","og_site_name":"Neptune Luxury Resort","article_publisher":"https:\/\/www.facebook.com\/NeptuneHotelsKos\/","article_modified_time":"2025-06-25T13:35:05+00:00","og_image":[{"width":1200,"height":675,"url":"https:\/\/www.neptune.gr\/wp-content\/uploads\/2023\/04\/neptune_signature_image.jpg","type":"image\/jpeg"}],"twitter_card":"summary_large_image","schema":{"@context":"https:\/\/schema.org","@graph":[{"@type":"WebPage","@id":"https:\/\/www.neptune.gr\/de\/awards\/","url":"https:\/\/www.neptune.gr\/de\/awards\/","name":"Auszeichnungen | Neptune Luxury Resort","isPartOf":{"@id":"https:\/\/www.neptune.gr\/de\/#website"},"datePublished":"2023-01-18T22:04:32+00:00","dateModified":"2025-06-25T13:35:05+00:00","description":"Auf dieser Zeitlinie sind die verschiedenen Preise und Auszeichnungen dargestellt, die uns im Lauf der Jahre verliehen wurden und so von unserem Engagement zeugen, unseren G\u00e4sten eine rundum au\u00dfergew\u00f6hnliche Urlaubserfahrung zu bieten.","breadcrumb":{"@id":"https:\/\/www.neptune.gr\/de\/awards\/#breadcrumb"},"inLanguage":"de-DE","potentialAction":[{"@type":"ReadAction","target":["https:\/\/www.neptune.gr\/de\/awards\/"]}]},{"@type":"BreadcrumbList","@id":"https:\/\/www.neptune.gr\/de\/awards\/#breadcrumb","itemListElement":[{"@type":"ListItem","position":1,"name":"Home","item":"https:\/\/www.neptune.gr\/de\/"},{"@type":"ListItem","position":2,"name":"Auszeichnungen"}]},{"@type":"WebSite","@id":"https:\/\/www.neptune.gr\/de\/#website","url":"https:\/\/www.neptune.gr\/de\/","name":"Neptune Luxury Resort","description":"","publisher":{"@id":"https:\/\/www.neptune.gr\/de\/#organization"},"alternateName":"Neptune","potentialAction":[{"@type":"SearchAction","target":{"@type":"EntryPoint","urlTemplate":"https:\/\/www.neptune.gr\/de\/?s={search_term_string}"},"query-input":{"@type":"PropertyValueSpecification","valueRequired":true,"valueName":"search_term_string"}}],"inLanguage":"de-DE"},{"@type":"Organization","@id":"https:\/\/www.neptune.gr\/de\/#organization","name":"Neptune Luxury Resort","alternateName":"Neptune","url":"https:\/\/www.neptune.gr\/de\/","logo":{"@type":"ImageObject","inLanguage":"de-DE","@id":"https:\/\/www.neptune.gr\/de\/#\/schema\/logo\/image\/","url":"https:\/\/www.neptune.gr\/wp-content\/uploads\/2023\/04\/positive-logo-rgb-light.jpg","contentUrl":"https:\/\/www.neptune.gr\/wp-content\/uploads\/2023\/04\/positive-logo-rgb-light.jpg","width":775,"height":600,"caption":"Neptune Luxury Resort"},"image":{"@id":"https:\/\/www.neptune.gr\/de\/#\/schema\/logo\/image\/"},"sameAs":["https:\/\/www.facebook.com\/NeptuneHotelsKos\/","https:\/\/www.instagram.com\/neptunehotels\/","https:\/\/www.linkedin.com\/company\/neptunehotelskos\/"]}]}},"_links":{"self":[{"href":"https:\/\/www.neptune.gr\/de\/wp-json\/wp\/v2\/pages\/82145","targetHints":{"allow":["GET"]}}],"collection":[{"href":"https:\/\/www.neptune.gr\/de\/wp-json\/wp\/v2\/pages"}],"about":[{"href":"https:\/\/www.neptune.gr\/de\/wp-json\/wp\/v2\/types\/page"}],"author":[{"embeddable":true,"href":"https:\/\/www.neptune.gr\/de\/wp-json\/wp\/v2\/users\/1"}],"replies":[{"embeddable":true,"href":"https:\/\/www.neptune.gr\/de\/wp-json\/wp\/v2\/comments?post=82145"}],"version-history":[{"count":5,"href":"https:\/\/www.neptune.gr\/de\/wp-json\/wp\/v2\/pages\/82145\/revisions"}],"predecessor-version":[{"id":120383,"href":"https:\/\/www.neptune.gr\/de\/wp-json\/wp\/v2\/pages\/82145\/revisions\/120383"}],"wp:attachment":[{"href":"https:\/\/www.neptune.gr\/de\/wp-json\/wp\/v2\/media?parent=82145"}],"curies":[{"name":"wp","href":"https:\/\/api.w.org\/{rel}","templated":true}]}}