{"id":6286,"date":"2023-02-13T16:12:54","date_gmt":"2023-02-13T14:12:54","guid":{"rendered":"https:\/\/www.neptune.gr\/private-dining\/"},"modified":"2023-04-26T15:15:19","modified_gmt":"2023-04-26T12:15:19","slug":"private-dining","status":"publish","type":"page","link":"https:\/\/www.neptune.gr\/de\/restaurants-and-bars\/private-dining\/","title":{"rendered":"Private Dining"},"content":{"rendered":"","protected":false},"excerpt":{"rendered":"","protected":false},"author":1,"featured_media":0,"parent":6292,"menu_order":69,"comment_status":"closed","ping_status":"closed","template":"templates\/dining.php","meta":{"_acf_changed":false,"inline_featured_image":false,"footnotes":""},"class_list":["post-6286","page","type-page","status-publish","hentry"],"acf":[],"yoast_head":"<!-- This site is optimized with the Yoast SEO plugin v26.6 - https:\/\/yoast.com\/wordpress\/plugins\/seo\/ -->\n<title>Private Dining | Neptune Luxury Resort<\/title>\n<meta name=\"description\" content=\"Genie\u00dfen Sie den Sonnenuntergang und eine angenehme Brise, w\u00e4hrend Sie sich von den fantasievollen Kreationen unseres K\u00fcchenchefs direkt am Strand oder inmitten der gepflegten Gartenanlage in einem unserer wundersch\u00f6nen Pavillons oder Gazebos verw\u00f6hnen lassen.\" \/>\n<meta name=\"robots\" content=\"index, follow, max-snippet:-1, max-image-preview:large, max-video-preview:-1\" \/>\n<link rel=\"canonical\" href=\"https:\/\/www.neptune.gr\/de\/restaurants-and-bars\/private-dining\/\" \/>\n<meta property=\"og:locale\" content=\"de_DE\" \/>\n<meta property=\"og:type\" content=\"article\" \/>\n<meta property=\"og:title\" content=\"Private Dining | Neptune Luxury Resort\" \/>\n<meta property=\"og:description\" content=\"Genie\u00dfen Sie den Sonnenuntergang und eine angenehme Brise, w\u00e4hrend Sie sich von den fantasievollen Kreationen unseres K\u00fcchenchefs direkt am Strand oder inmitten der gepflegten Gartenanlage in einem unserer wundersch\u00f6nen Pavillons oder Gazebos verw\u00f6hnen lassen.\" \/>\n<meta property=\"og:url\" content=\"https:\/\/www.neptune.gr\/de\/restaurants-and-bars\/private-dining\/\" \/>\n<meta property=\"og:site_name\" content=\"Neptune Luxury Resort\" \/>\n<meta property=\"article:publisher\" content=\"https:\/\/www.facebook.com\/NeptuneHotelsKos\/\" \/>\n<meta property=\"article:modified_time\" content=\"2023-04-26T12:15:19+00:00\" \/>\n<meta property=\"og:image\" content=\"https:\/\/www.neptune.gr\/wp-content\/uploads\/2023\/04\/neptune_signature_image.jpg\" \/>\n\t<meta property=\"og:image:width\" content=\"1200\" \/>\n\t<meta property=\"og:image:height\" content=\"675\" \/>\n\t<meta property=\"og:image:type\" content=\"image\/jpeg\" \/>\n<meta name=\"twitter:card\" content=\"summary_large_image\" \/>\n<script type=\"application\/ld+json\" class=\"yoast-schema-graph\">{\"@context\":\"https:\/\/schema.org\",\"@graph\":[{\"@type\":\"WebPage\",\"@id\":\"https:\/\/www.neptune.gr\/de\/restaurants-and-bars\/private-dining\/\",\"url\":\"https:\/\/www.neptune.gr\/de\/restaurants-and-bars\/private-dining\/\",\"name\":\"Private Dining | Neptune Luxury Resort\",\"isPartOf\":{\"@id\":\"https:\/\/www.neptune.gr\/de\/#website\"},\"datePublished\":\"2023-02-13T14:12:54+00:00\",\"dateModified\":\"2023-04-26T12:15:19+00:00\",\"description\":\"Genie\u00dfen Sie den Sonnenuntergang und eine angenehme Brise, w\u00e4hrend Sie sich von den fantasievollen Kreationen unseres K\u00fcchenchefs direkt am Strand oder inmitten der gepflegten Gartenanlage in einem unserer wundersch\u00f6nen Pavillons oder Gazebos verw\u00f6hnen lassen.\",\"breadcrumb\":{\"@id\":\"https:\/\/www.neptune.gr\/de\/restaurants-and-bars\/private-dining\/#breadcrumb\"},\"inLanguage\":\"de-DE\",\"potentialAction\":[{\"@type\":\"ReadAction\",\"target\":[\"https:\/\/www.neptune.gr\/de\/restaurants-and-bars\/private-dining\/\"]}]},{\"@type\":\"BreadcrumbList\",\"@id\":\"https:\/\/www.neptune.gr\/de\/restaurants-and-bars\/private-dining\/#breadcrumb\",\"itemListElement\":[{\"@type\":\"ListItem\",\"position\":1,\"name\":\"Home\",\"item\":\"https:\/\/www.neptune.gr\/de\/\"},{\"@type\":\"ListItem\",\"position\":2,\"name\":\"Restaurants &#038; Bars\",\"item\":\"https:\/\/www.neptune.gr\/de\/restaurants-and-bars\/\"},{\"@type\":\"ListItem\",\"position\":3,\"name\":\"Private Dining\"}]},{\"@type\":\"WebSite\",\"@id\":\"https:\/\/www.neptune.gr\/de\/#website\",\"url\":\"https:\/\/www.neptune.gr\/de\/\",\"name\":\"Neptune Luxury Resort\",\"description\":\"\",\"publisher\":{\"@id\":\"https:\/\/www.neptune.gr\/de\/#organization\"},\"alternateName\":\"Neptune\",\"potentialAction\":[{\"@type\":\"SearchAction\",\"target\":{\"@type\":\"EntryPoint\",\"urlTemplate\":\"https:\/\/www.neptune.gr\/de\/?s={search_term_string}\"},\"query-input\":{\"@type\":\"PropertyValueSpecification\",\"valueRequired\":true,\"valueName\":\"search_term_string\"}}],\"inLanguage\":\"de-DE\"},{\"@type\":\"Organization\",\"@id\":\"https:\/\/www.neptune.gr\/de\/#organization\",\"name\":\"Neptune Luxury Resort\",\"alternateName\":\"Neptune\",\"url\":\"https:\/\/www.neptune.gr\/de\/\",\"logo\":{\"@type\":\"ImageObject\",\"inLanguage\":\"de-DE\",\"@id\":\"https:\/\/www.neptune.gr\/de\/#\/schema\/logo\/image\/\",\"url\":\"https:\/\/www.neptune.gr\/wp-content\/uploads\/2023\/04\/positive-logo-rgb-light.jpg\",\"contentUrl\":\"https:\/\/www.neptune.gr\/wp-content\/uploads\/2023\/04\/positive-logo-rgb-light.jpg\",\"width\":775,\"height\":600,\"caption\":\"Neptune Luxury Resort\"},\"image\":{\"@id\":\"https:\/\/www.neptune.gr\/de\/#\/schema\/logo\/image\/\"},\"sameAs\":[\"https:\/\/www.facebook.com\/NeptuneHotelsKos\/\",\"https:\/\/www.instagram.com\/neptunehotels\/\",\"https:\/\/www.linkedin.com\/company\/neptunehotelskos\/\"]}]}<\/script>\n<!-- \/ Yoast SEO plugin. -->","yoast_head_json":{"title":"Private Dining | Neptune Luxury Resort","description":"Genie\u00dfen Sie den Sonnenuntergang und eine angenehme Brise, w\u00e4hrend Sie sich von den fantasievollen Kreationen unseres K\u00fcchenchefs direkt am Strand oder inmitten der gepflegten Gartenanlage in einem unserer wundersch\u00f6nen Pavillons oder Gazebos verw\u00f6hnen lassen.","robots":{"index":"index","follow":"follow","max-snippet":"max-snippet:-1","max-image-preview":"max-image-preview:large","max-video-preview":"max-video-preview:-1"},"canonical":"https:\/\/www.neptune.gr\/de\/restaurants-and-bars\/private-dining\/","og_locale":"de_DE","og_type":"article","og_title":"Private Dining | Neptune Luxury Resort","og_description":"Genie\u00dfen Sie den Sonnenuntergang und eine angenehme Brise, w\u00e4hrend Sie sich von den fantasievollen Kreationen unseres K\u00fcchenchefs direkt am Strand oder inmitten der gepflegten Gartenanlage in einem unserer wundersch\u00f6nen Pavillons oder Gazebos verw\u00f6hnen lassen.","og_url":"https:\/\/www.neptune.gr\/de\/restaurants-and-bars\/private-dining\/","og_site_name":"Neptune Luxury Resort","article_publisher":"https:\/\/www.facebook.com\/NeptuneHotelsKos\/","article_modified_time":"2023-04-26T12:15:19+00:00","og_image":[{"width":1200,"height":675,"url":"https:\/\/www.neptune.gr\/wp-content\/uploads\/2023\/04\/neptune_signature_image.jpg","type":"image\/jpeg"}],"twitter_card":"summary_large_image","schema":{"@context":"https:\/\/schema.org","@graph":[{"@type":"WebPage","@id":"https:\/\/www.neptune.gr\/de\/restaurants-and-bars\/private-dining\/","url":"https:\/\/www.neptune.gr\/de\/restaurants-and-bars\/private-dining\/","name":"Private Dining | Neptune Luxury Resort","isPartOf":{"@id":"https:\/\/www.neptune.gr\/de\/#website"},"datePublished":"2023-02-13T14:12:54+00:00","dateModified":"2023-04-26T12:15:19+00:00","description":"Genie\u00dfen Sie den Sonnenuntergang und eine angenehme Brise, w\u00e4hrend Sie sich von den fantasievollen Kreationen unseres K\u00fcchenchefs direkt am Strand oder inmitten der gepflegten Gartenanlage in einem unserer wundersch\u00f6nen Pavillons oder Gazebos verw\u00f6hnen lassen.","breadcrumb":{"@id":"https:\/\/www.neptune.gr\/de\/restaurants-and-bars\/private-dining\/#breadcrumb"},"inLanguage":"de-DE","potentialAction":[{"@type":"ReadAction","target":["https:\/\/www.neptune.gr\/de\/restaurants-and-bars\/private-dining\/"]}]},{"@type":"BreadcrumbList","@id":"https:\/\/www.neptune.gr\/de\/restaurants-and-bars\/private-dining\/#breadcrumb","itemListElement":[{"@type":"ListItem","position":1,"name":"Home","item":"https:\/\/www.neptune.gr\/de\/"},{"@type":"ListItem","position":2,"name":"Restaurants &#038; Bars","item":"https:\/\/www.neptune.gr\/de\/restaurants-and-bars\/"},{"@type":"ListItem","position":3,"name":"Private Dining"}]},{"@type":"WebSite","@id":"https:\/\/www.neptune.gr\/de\/#website","url":"https:\/\/www.neptune.gr\/de\/","name":"Neptune Luxury Resort","description":"","publisher":{"@id":"https:\/\/www.neptune.gr\/de\/#organization"},"alternateName":"Neptune","potentialAction":[{"@type":"SearchAction","target":{"@type":"EntryPoint","urlTemplate":"https:\/\/www.neptune.gr\/de\/?s={search_term_string}"},"query-input":{"@type":"PropertyValueSpecification","valueRequired":true,"valueName":"search_term_string"}}],"inLanguage":"de-DE"},{"@type":"Organization","@id":"https:\/\/www.neptune.gr\/de\/#organization","name":"Neptune Luxury Resort","alternateName":"Neptune","url":"https:\/\/www.neptune.gr\/de\/","logo":{"@type":"ImageObject","inLanguage":"de-DE","@id":"https:\/\/www.neptune.gr\/de\/#\/schema\/logo\/image\/","url":"https:\/\/www.neptune.gr\/wp-content\/uploads\/2023\/04\/positive-logo-rgb-light.jpg","contentUrl":"https:\/\/www.neptune.gr\/wp-content\/uploads\/2023\/04\/positive-logo-rgb-light.jpg","width":775,"height":600,"caption":"Neptune Luxury Resort"},"image":{"@id":"https:\/\/www.neptune.gr\/de\/#\/schema\/logo\/image\/"},"sameAs":["https:\/\/www.facebook.com\/NeptuneHotelsKos\/","https:\/\/www.instagram.com\/neptunehotels\/","https:\/\/www.linkedin.com\/company\/neptunehotelskos\/"]}]}},"_links":{"self":[{"href":"https:\/\/www.neptune.gr\/de\/wp-json\/wp\/v2\/pages\/6286","targetHints":{"allow":["GET"]}}],"collection":[{"href":"https:\/\/www.neptune.gr\/de\/wp-json\/wp\/v2\/pages"}],"about":[{"href":"https:\/\/www.neptune.gr\/de\/wp-json\/wp\/v2\/types\/page"}],"author":[{"embeddable":true,"href":"https:\/\/www.neptune.gr\/de\/wp-json\/wp\/v2\/users\/1"}],"replies":[{"embeddable":true,"href":"https:\/\/www.neptune.gr\/de\/wp-json\/wp\/v2\/comments?post=6286"}],"version-history":[{"count":3,"href":"https:\/\/www.neptune.gr\/de\/wp-json\/wp\/v2\/pages\/6286\/revisions"}],"predecessor-version":[{"id":14048,"href":"https:\/\/www.neptune.gr\/de\/wp-json\/wp\/v2\/pages\/6286\/revisions\/14048"}],"up":[{"embeddable":true,"href":"https:\/\/www.neptune.gr\/de\/wp-json\/wp\/v2\/pages\/6292"}],"wp:attachment":[{"href":"https:\/\/www.neptune.gr\/de\/wp-json\/wp\/v2\/media?parent=6286"}],"curies":[{"name":"wp","href":"https:\/\/api.w.org\/{rel}","templated":true}]}}