{"id":47208,"date":"2022-08-24T13:37:19","date_gmt":"2022-08-24T10:37:19","guid":{"rendered":"https:\/\/www.neptune.gr\/cookie-policy\/"},"modified":"2023-09-02T15:56:48","modified_gmt":"2023-09-02T12:56:48","slug":"terms-and-conditions","status":"publish","type":"page","link":"https:\/\/www.neptune.gr\/de\/terms-and-conditions\/","title":{"rendered":"Terms &#038; Conditions"},"content":{"rendered":"<p>Herzlich willkommen im Neptune Luxury Resort. Indem Sie unsere Website besuchen, unsere Leistungen nutzen oder eine Reservierung bei uns vornehmen, erkl\u00e4ren Sie Ihr Einverst\u00e4ndnis zu den folgenden Nutzungsbedingungen. Bitte lesen Sie diese sorgf\u00e4ltig durch.<\/p>\n<h2>Reservierungen<\/h2>\n<p>1.1. Sie m\u00fcssen mindestens 18 Jahre alt sein, um eine Reservierung vorzunehmen.<br \/>\n1.2. Sie verpflichten sich, genaue und vollst\u00e4ndige Informationen zu \u00fcbermitteln, wenn Sie eine Reservierung vornehmen.<br \/>\n1.3. Reservierungsanfragen unterliegen dem Vorbehalt der Verf\u00fcgbarkeit.<br \/>\n1.4. Das Hotel beh\u00e4lt sich das Recht vor, eine Reservierung zu stornieren bzw. abzu\u00e4ndern, wenn sich herausstellt, dass der Gast betr\u00fcgerische bzw. unangemessene Handlungen vorgenommen oder falsche bzw. irref\u00fchrende Angaben \u00fcbermittelt hat.<\/p>\n<h2>Zahlung<\/h2>\n<p>2.1. Die Zahlung f\u00fcr Ihre Reservierung ist zum Buchungszeitpunkt f\u00e4llig.<br \/>\n2.2. Die Zahlung hat in der vom Hotel angegebenen W\u00e4hrung zu erfolgen.<br \/>\n2.3. Das Hotel beh\u00e4lt sich das Recht vor, vor der Ankunft eine Validierung Ihrer Kreditkarte vorzunehmen.<\/p>\n<h2>Check-in and Check-out<\/h2>\n<p>3.1. Check-in ist ab 15:00 Uhr, die Check-out bis 12.00 Uhr.<br \/>\n3.2. Anfragen bez\u00fcglich Early Check-in bzw. Late Check-out werden je nach Verf\u00fcgbarkeit bearbeitet. M\u00f6glicherweise fallen zus\u00e4tzliche Geb\u00fchren an.<br \/>\n3.3. Beim Check-in kann das Hotel die Vorlage eines g\u00fcltigen amtlichen Personalausweises oder Reisepasses verlangen.<br \/>\n3.4. Das Hotel beh\u00e4lt sich das Recht vor, Personen, die offensichtlich alkoholisiert sind oder st\u00f6ren, seine Leistungen zu verweigern.<br \/>\n3.5. Im Rahmen des Check-in Prozesses kann der Gast eine der folgenden Optionen w\u00e4hlen:<br \/>\n3.5.1a Dem Hotel bei der Ankunft eine g\u00fcltige Kredit- bzw. Debitkarte als Garantie zur Verf\u00fcgung zu stellen. Die Daten der betreffenden Karte werden in einem sicheren Netzwerk gespeichert, zu dem kein Zugriff bzw. Eingriff besteht. Die Karte wird ausschlie\u00dflich mit zus\u00e4tzlichen Geb\u00fchren bzw. Sch\u00e4den belastet, die ggf. w\u00e4hrend Ihres Aufenthalts anfallen und nicht vor Ort beglichen werden. Oder<br \/>\n3.5.1b Eine Barkaution in H\u00f6he von 50 \u20ac pro Aufenthaltstag zu leisten. Dieser Betrag wird gegen alle zus\u00e4tzlichen Belastungen des G\u00e4stekontos verrechnet. Der Restbetrag wird ggf. beim Check-out erstattet, oder<br \/>\n3.5.1c Auf die M\u00f6glichkeit zu verzichten, Extras auf die Zimmerrechnung zu setzen, und jede Rechnung in den einzelnen Abteilungen des Hotels vor Ort zu begleichen.<\/p>\n<h2>Verantwortung der G\u00e4ste<\/h2>\n<p>4.1. Die G\u00e4ste sind f\u00fcr alle Sch\u00e4den verantwortlich, die sie w\u00e4hrend ihres Aufenthalts am Eigentum des Hotels verursachen.<br \/>\n4.2. Die G\u00e4ste sind zur Einhaltung aller Richtlinien und Verfahren des Hotels, sowie auch aller anwendbaren gesetzlichen Vorschriften verpflichtet.<br \/>\n4.3. In bestimmten Hotelzimmern ist Rauchen verboten.<br \/>\n4.4. Das Mitbringen von Haustieren ist nicht gestattet, sofern vom Hotel nicht anders angegeben.<br \/>\n4.5. Das Hotel beh\u00e4lt sich das Recht vor, zus\u00e4tzliche Geb\u00fchren f\u00fcr \u00fcberm\u00e4\u00dfigen Reinigungsaufwand bzw. Sch\u00e4den zu berechnen, die von den G\u00e4sten verursacht wurden.<\/p>\n<h2>Datenschutz<\/h2>\n<p>5.1. Das Hotel respektiert Ihre Privatsph\u00e4re und verpflichtet sich, Ihre personenbezogenen Daten zu sch\u00fctzen.<br \/>\n5.2. Das Hotel erfasst und verwendet Ihre personenbezogenen Daten im Einklang mit der Datenschutzerkl\u00e4rung, die auf unserer Website eingesehen werden kann.<\/p>\n<h2>Haftung<\/h2>\n<p>6.1. Das Hotel haftet nicht f\u00fcr Verluste, Sch\u00e4den oder Verletzungen, die w\u00e4hrend Ihres Aufenthalts eintreten, und zwar mit Ausnahme des Ausma\u00dfes, zu dem die betreffenden Verluste, Sch\u00e4den oder Verletzungen aufgrund von Fahrl\u00e4ssigkeit seitens des Hotels verursacht wurden.<br \/>\n6.2. Das Hotel haftet nicht f\u00fcr den Verlust bzw. die Besch\u00e4digung von pers\u00f6nlichem Eigentum, das in den G\u00e4stezimmern oder \u00f6ffentlich zug\u00e4nglichen Bereichen des Hotels zur\u00fcckgelassen wurde.<br \/>\n6.3. Das Hotel tr\u00e4gt keine Verantwortung f\u00fcr etwaige Fehler oder Unterlassungen auf seiner Website bzw. in anderen Marketing-Materialien.<\/p>\n<h2>Anwendbares Recht<\/h2>\n<p>Diese Allgemeinen Gesch\u00e4ftsbedingungen unterliegen den g\u00fcltigen Rechtsvorschriften [insert governing law].<br \/>\n7.2. F\u00fcr alle Streitigkeiten, die sich ggf. aus bzw. in Zusammenhang mit diesen allgemeinen Gesch\u00e4ftsbedingungen ergeben, sind ausschlie\u00dflich die Gericht von Athen, Griechenland, zust\u00e4ndig.<\/p>\n<h2>\u00c4nderungen dieser Allgemeinen Gesch\u00e4ftsbedingungen<\/h2>\n<p>8.1. Das Hotel beh\u00e4lt sich das Recht vor, diese Allgemeinen Gesch\u00e4ftsbedingungen jederzeit abzu\u00e4ndern.<br \/>\n8.2. Etwaige \u00c4nderungen der vorliegenden Allgemeinen Gesch\u00e4ftsbedingungen treten unmittelbar nach deren Ver\u00f6ffentlichung auf unserer Website in Kraft.<\/p>\n<p>&nbsp;<\/p>\n<p>Indem Sie eine Reservierung bei uns vornehmen, erkl\u00e4ren Sie, dass Sie die vorliegenden allgemeinen Gesch\u00e4ftsbedingungen gelesen und verstanden haben und Ihre Zustimmung dazu erteilen. Sollten Sie diesbez\u00fcglich Fragen bzw. Bedenken haben, kontaktieren Sie uns bitte unter <a href=\"mailto:info@neptune.gr\">info@neptune.gr<\/a>.<\/p>\n","protected":false},"excerpt":{"rendered":"<p>Herzlich willkommen im Neptune Luxury Resort. Indem Sie unsere Website besuchen, unsere Leistungen nutzen oder eine Reservierung bei uns vornehmen, erkl\u00e4ren Sie Ihr Einverst\u00e4ndnis zu den folgenden Nutzungsbedingungen. Bitte lesen Sie diese sorgf\u00e4ltig durch. Reservierungen 1.1. Sie m\u00fcssen mindestens 18 Jahre alt sein, um eine Reservierung vorzunehmen. 1.2. Sie verpflichten sich, genaue und vollst\u00e4ndige Informationen [&hellip;]<\/p>\n","protected":false},"author":1,"featured_media":0,"parent":0,"menu_order":234,"comment_status":"closed","ping_status":"closed","template":"templates\/article.php","meta":{"_acf_changed":false,"inline_featured_image":false,"footnotes":""},"class_list":["post-47208","page","type-page","status-publish","hentry"],"acf":[],"yoast_head":"<!-- This site is optimized with the Yoast SEO plugin v26.6 - https:\/\/yoast.com\/wordpress\/plugins\/seo\/ -->\n<title>Terms &amp; Conditions | Neptune Luxury Resort<\/title>\n<meta name=\"description\" content=\"During the check-in process the guest may choose between the following options.\" \/>\n<meta name=\"robots\" content=\"index, follow, max-snippet:-1, max-image-preview:large, max-video-preview:-1\" \/>\n<link rel=\"canonical\" href=\"https:\/\/www.neptune.gr\/de\/terms-and-conditions\/\" \/>\n<meta property=\"og:locale\" content=\"de_DE\" \/>\n<meta property=\"og:type\" content=\"article\" \/>\n<meta property=\"og:title\" content=\"Terms &amp; Conditions | Neptune Luxury Resort\" \/>\n<meta property=\"og:description\" content=\"During the check-in process the guest may choose between the following options.\" \/>\n<meta property=\"og:url\" content=\"https:\/\/www.neptune.gr\/de\/terms-and-conditions\/\" \/>\n<meta property=\"og:site_name\" content=\"Neptune Luxury Resort\" \/>\n<meta property=\"article:publisher\" content=\"https:\/\/www.facebook.com\/NeptuneHotelsKos\/\" \/>\n<meta property=\"article:modified_time\" content=\"2023-09-02T12:56:48+00:00\" \/>\n<meta property=\"og:image\" content=\"https:\/\/www.neptune.gr\/wp-content\/uploads\/2023\/04\/neptune_signature_image.jpg\" \/>\n\t<meta property=\"og:image:width\" content=\"1200\" \/>\n\t<meta property=\"og:image:height\" content=\"675\" \/>\n\t<meta property=\"og:image:type\" content=\"image\/jpeg\" \/>\n<meta name=\"twitter:card\" content=\"summary_large_image\" \/>\n<script type=\"application\/ld+json\" class=\"yoast-schema-graph\">{\"@context\":\"https:\/\/schema.org\",\"@graph\":[{\"@type\":\"WebPage\",\"@id\":\"https:\/\/www.neptune.gr\/de\/terms-and-conditions\/\",\"url\":\"https:\/\/www.neptune.gr\/de\/terms-and-conditions\/\",\"name\":\"Terms & Conditions | Neptune Luxury Resort\",\"isPartOf\":{\"@id\":\"https:\/\/www.neptune.gr\/de\/#website\"},\"datePublished\":\"2022-08-24T10:37:19+00:00\",\"dateModified\":\"2023-09-02T12:56:48+00:00\",\"description\":\"During the check-in process the guest may choose between the following options.\",\"breadcrumb\":{\"@id\":\"https:\/\/www.neptune.gr\/de\/terms-and-conditions\/#breadcrumb\"},\"inLanguage\":\"de-DE\",\"potentialAction\":[{\"@type\":\"ReadAction\",\"target\":[\"https:\/\/www.neptune.gr\/de\/terms-and-conditions\/\"]}]},{\"@type\":\"BreadcrumbList\",\"@id\":\"https:\/\/www.neptune.gr\/de\/terms-and-conditions\/#breadcrumb\",\"itemListElement\":[{\"@type\":\"ListItem\",\"position\":1,\"name\":\"Home\",\"item\":\"https:\/\/www.neptune.gr\/de\/\"},{\"@type\":\"ListItem\",\"position\":2,\"name\":\"Terms &#038; Conditions\"}]},{\"@type\":\"WebSite\",\"@id\":\"https:\/\/www.neptune.gr\/de\/#website\",\"url\":\"https:\/\/www.neptune.gr\/de\/\",\"name\":\"Neptune Luxury Resort\",\"description\":\"\",\"publisher\":{\"@id\":\"https:\/\/www.neptune.gr\/de\/#organization\"},\"alternateName\":\"Neptune\",\"potentialAction\":[{\"@type\":\"SearchAction\",\"target\":{\"@type\":\"EntryPoint\",\"urlTemplate\":\"https:\/\/www.neptune.gr\/de\/?s={search_term_string}\"},\"query-input\":{\"@type\":\"PropertyValueSpecification\",\"valueRequired\":true,\"valueName\":\"search_term_string\"}}],\"inLanguage\":\"de-DE\"},{\"@type\":\"Organization\",\"@id\":\"https:\/\/www.neptune.gr\/de\/#organization\",\"name\":\"Neptune Luxury Resort\",\"alternateName\":\"Neptune\",\"url\":\"https:\/\/www.neptune.gr\/de\/\",\"logo\":{\"@type\":\"ImageObject\",\"inLanguage\":\"de-DE\",\"@id\":\"https:\/\/www.neptune.gr\/de\/#\/schema\/logo\/image\/\",\"url\":\"https:\/\/www.neptune.gr\/wp-content\/uploads\/2023\/04\/positive-logo-rgb-light.jpg\",\"contentUrl\":\"https:\/\/www.neptune.gr\/wp-content\/uploads\/2023\/04\/positive-logo-rgb-light.jpg\",\"width\":775,\"height\":600,\"caption\":\"Neptune Luxury Resort\"},\"image\":{\"@id\":\"https:\/\/www.neptune.gr\/de\/#\/schema\/logo\/image\/\"},\"sameAs\":[\"https:\/\/www.facebook.com\/NeptuneHotelsKos\/\",\"https:\/\/www.instagram.com\/neptunehotels\/\",\"https:\/\/www.linkedin.com\/company\/neptunehotelskos\/\"]}]}<\/script>\n<!-- \/ Yoast SEO plugin. -->","yoast_head_json":{"title":"Terms & Conditions | Neptune Luxury Resort","description":"During the check-in process the guest may choose between the following options.","robots":{"index":"index","follow":"follow","max-snippet":"max-snippet:-1","max-image-preview":"max-image-preview:large","max-video-preview":"max-video-preview:-1"},"canonical":"https:\/\/www.neptune.gr\/de\/terms-and-conditions\/","og_locale":"de_DE","og_type":"article","og_title":"Terms & Conditions | Neptune Luxury Resort","og_description":"During the check-in process the guest may choose between the following options.","og_url":"https:\/\/www.neptune.gr\/de\/terms-and-conditions\/","og_site_name":"Neptune Luxury Resort","article_publisher":"https:\/\/www.facebook.com\/NeptuneHotelsKos\/","article_modified_time":"2023-09-02T12:56:48+00:00","og_image":[{"width":1200,"height":675,"url":"https:\/\/www.neptune.gr\/wp-content\/uploads\/2023\/04\/neptune_signature_image.jpg","type":"image\/jpeg"}],"twitter_card":"summary_large_image","schema":{"@context":"https:\/\/schema.org","@graph":[{"@type":"WebPage","@id":"https:\/\/www.neptune.gr\/de\/terms-and-conditions\/","url":"https:\/\/www.neptune.gr\/de\/terms-and-conditions\/","name":"Terms & Conditions | Neptune Luxury Resort","isPartOf":{"@id":"https:\/\/www.neptune.gr\/de\/#website"},"datePublished":"2022-08-24T10:37:19+00:00","dateModified":"2023-09-02T12:56:48+00:00","description":"During the check-in process the guest may choose between the following options.","breadcrumb":{"@id":"https:\/\/www.neptune.gr\/de\/terms-and-conditions\/#breadcrumb"},"inLanguage":"de-DE","potentialAction":[{"@type":"ReadAction","target":["https:\/\/www.neptune.gr\/de\/terms-and-conditions\/"]}]},{"@type":"BreadcrumbList","@id":"https:\/\/www.neptune.gr\/de\/terms-and-conditions\/#breadcrumb","itemListElement":[{"@type":"ListItem","position":1,"name":"Home","item":"https:\/\/www.neptune.gr\/de\/"},{"@type":"ListItem","position":2,"name":"Terms &#038; Conditions"}]},{"@type":"WebSite","@id":"https:\/\/www.neptune.gr\/de\/#website","url":"https:\/\/www.neptune.gr\/de\/","name":"Neptune Luxury Resort","description":"","publisher":{"@id":"https:\/\/www.neptune.gr\/de\/#organization"},"alternateName":"Neptune","potentialAction":[{"@type":"SearchAction","target":{"@type":"EntryPoint","urlTemplate":"https:\/\/www.neptune.gr\/de\/?s={search_term_string}"},"query-input":{"@type":"PropertyValueSpecification","valueRequired":true,"valueName":"search_term_string"}}],"inLanguage":"de-DE"},{"@type":"Organization","@id":"https:\/\/www.neptune.gr\/de\/#organization","name":"Neptune Luxury Resort","alternateName":"Neptune","url":"https:\/\/www.neptune.gr\/de\/","logo":{"@type":"ImageObject","inLanguage":"de-DE","@id":"https:\/\/www.neptune.gr\/de\/#\/schema\/logo\/image\/","url":"https:\/\/www.neptune.gr\/wp-content\/uploads\/2023\/04\/positive-logo-rgb-light.jpg","contentUrl":"https:\/\/www.neptune.gr\/wp-content\/uploads\/2023\/04\/positive-logo-rgb-light.jpg","width":775,"height":600,"caption":"Neptune Luxury Resort"},"image":{"@id":"https:\/\/www.neptune.gr\/de\/#\/schema\/logo\/image\/"},"sameAs":["https:\/\/www.facebook.com\/NeptuneHotelsKos\/","https:\/\/www.instagram.com\/neptunehotels\/","https:\/\/www.linkedin.com\/company\/neptunehotelskos\/"]}]}},"_links":{"self":[{"href":"https:\/\/www.neptune.gr\/de\/wp-json\/wp\/v2\/pages\/47208","targetHints":{"allow":["GET"]}}],"collection":[{"href":"https:\/\/www.neptune.gr\/de\/wp-json\/wp\/v2\/pages"}],"about":[{"href":"https:\/\/www.neptune.gr\/de\/wp-json\/wp\/v2\/types\/page"}],"author":[{"embeddable":true,"href":"https:\/\/www.neptune.gr\/de\/wp-json\/wp\/v2\/users\/1"}],"replies":[{"embeddable":true,"href":"https:\/\/www.neptune.gr\/de\/wp-json\/wp\/v2\/comments?post=47208"}],"version-history":[{"count":5,"href":"https:\/\/www.neptune.gr\/de\/wp-json\/wp\/v2\/pages\/47208\/revisions"}],"predecessor-version":[{"id":108543,"href":"https:\/\/www.neptune.gr\/de\/wp-json\/wp\/v2\/pages\/47208\/revisions\/108543"}],"wp:attachment":[{"href":"https:\/\/www.neptune.gr\/de\/wp-json\/wp\/v2\/media?parent=47208"}],"curies":[{"name":"wp","href":"https:\/\/api.w.org\/{rel}","templated":true}]}}