{"id":15131,"date":"2023-03-17T16:01:20","date_gmt":"2023-03-17T14:01:20","guid":{"rendered":"https:\/\/www.neptune.gr\/financial-transparency\/"},"modified":"2025-08-30T10:01:25","modified_gmt":"2025-08-30T07:01:25","slug":"financial-transparency","status":"publish","type":"page","link":"https:\/\/www.neptune.gr\/de\/financial-transparency\/","title":{"rendered":"Finanzielle Transparenz"},"content":{"rendered":"<p>Im Neptune Luxury Resort setzen wir auf Transparenz and Verantwortlichkeit. Wir sind stolz darauf, unsere finanzielle Position mit unseren gesch\u00e4tzten G\u00e4sten und Interessensvertretern zu teilen. Die Informationen, die auf dieser Seite zu finden sind, vermitteln Investoren, Interessensvertretern und potenziellen Partnern einen klaren \u00dcberblick \u00fcber die finanzielle Gesundheit und Stabilit\u00e4t des Hotels. Damit m\u00f6chten wir Ihnen die beruhigende Gewissheit vermitteln, dass unser Hotel mit hohem Verantwortungsbewusstsein und \u00e4u\u00dferster Sorgfalt gef\u00fchrt wird.<\/p>\n<ul>\n<li><a href=\"https:\/\/www.neptune.gr\/wp-content\/uploads\/2025\/08\/olympic_holidays_sa_balance_sheet_2024.pdf\">Balance Sheet 2024 \u2192<\/a><\/li>\n<li><a href=\"https:\/\/www.neptune.gr\/wp-content\/uploads\/2024\/10\/isologismos-2023.pdf\" target=\"_blank\" rel=\"noopener\">Balance Sheet 2023 \u2192<\/a><\/li>\n<li><a href=\"https:\/\/www.neptune.gr\/wp-content\/uploads\/2023\/09\/olympic_holidays_sa_balance_sheet__2022.pdf\">Balance Sheet 2022 \u2192<\/a><\/li>\n<li><a href=\"https:\/\/www.neptune.gr\/wp-content\/uploads\/2023\/03\/olympic_holidays_sa_balance_sheet__2021-1_compressed.pdf\" target=\"_blank\" rel=\"noopener\">Balance Sheet 2021 \u2192<\/a><\/li>\n<li><a href=\"https:\/\/www.neptune.gr\/wp-content\/uploads\/2023\/03\/olympic_holidays_sa_balance_sheet_2020-1_compressed-1.pdf\" target=\"_blank\" rel=\"noopener\">Balance Sheet 2020 \u2192<\/a><\/li>\n<\/ul>\n","protected":false},"excerpt":{"rendered":"<p>Im Neptune Luxury Resort setzen wir auf Transparenz and Verantwortlichkeit. Wir sind stolz darauf, unsere finanzielle Position mit unseren gesch\u00e4tzten G\u00e4sten und Interessensvertretern zu teilen. Die Informationen, die auf dieser Seite zu finden sind, vermitteln Investoren, Interessensvertretern und potenziellen Partnern einen klaren \u00dcberblick \u00fcber die finanzielle Gesundheit und Stabilit\u00e4t des Hotels. Damit m\u00f6chten wir Ihnen [&hellip;]<\/p>\n","protected":false},"author":1,"featured_media":0,"parent":0,"menu_order":241,"comment_status":"closed","ping_status":"closed","template":"templates\/article.php","meta":{"_acf_changed":false,"inline_featured_image":false,"footnotes":""},"class_list":["post-15131","page","type-page","status-publish","hentry"],"acf":[],"yoast_head":"<!-- This site is optimized with the Yoast SEO plugin v26.6 - https:\/\/yoast.com\/wordpress\/plugins\/seo\/ -->\n<title>Finanzielle Transparenz | Neptune Luxury Resort<\/title>\n<meta name=\"description\" content=\"Im Neptune Luxury Resort setzen wir auf Transparenz and Verantwortlichkeit. Wir sind stolz darauf, unsere finanzielle Position mit unseren gesch\u00e4tzten G\u00e4sten und Interessensvertretern zu teilen.\" \/>\n<meta name=\"robots\" content=\"index, follow, max-snippet:-1, max-image-preview:large, max-video-preview:-1\" \/>\n<link rel=\"canonical\" href=\"https:\/\/www.neptune.gr\/de\/financial-transparency\/\" \/>\n<meta property=\"og:locale\" content=\"de_DE\" \/>\n<meta property=\"og:type\" content=\"article\" \/>\n<meta property=\"og:title\" content=\"Finanzielle Transparenz | Neptune Luxury Resort\" \/>\n<meta property=\"og:description\" content=\"Im Neptune Luxury Resort setzen wir auf Transparenz and Verantwortlichkeit. Wir sind stolz darauf, unsere finanzielle Position mit unseren gesch\u00e4tzten G\u00e4sten und Interessensvertretern zu teilen.\" \/>\n<meta property=\"og:url\" content=\"https:\/\/www.neptune.gr\/de\/financial-transparency\/\" \/>\n<meta property=\"og:site_name\" content=\"Neptune Luxury Resort\" \/>\n<meta property=\"article:publisher\" content=\"https:\/\/www.facebook.com\/NeptuneHotelsKos\/\" \/>\n<meta property=\"article:modified_time\" content=\"2025-08-30T07:01:25+00:00\" \/>\n<meta property=\"og:image\" content=\"https:\/\/www.neptune.gr\/wp-content\/uploads\/2023\/04\/neptune_signature_image.jpg\" \/>\n\t<meta property=\"og:image:width\" content=\"1200\" \/>\n\t<meta property=\"og:image:height\" content=\"675\" \/>\n\t<meta property=\"og:image:type\" content=\"image\/jpeg\" \/>\n<meta name=\"twitter:card\" content=\"summary_large_image\" \/>\n<script type=\"application\/ld+json\" class=\"yoast-schema-graph\">{\"@context\":\"https:\/\/schema.org\",\"@graph\":[{\"@type\":\"WebPage\",\"@id\":\"https:\/\/www.neptune.gr\/de\/financial-transparency\/\",\"url\":\"https:\/\/www.neptune.gr\/de\/financial-transparency\/\",\"name\":\"Finanzielle Transparenz | Neptune Luxury Resort\",\"isPartOf\":{\"@id\":\"https:\/\/www.neptune.gr\/de\/#website\"},\"datePublished\":\"2023-03-17T14:01:20+00:00\",\"dateModified\":\"2025-08-30T07:01:25+00:00\",\"description\":\"Im Neptune Luxury Resort setzen wir auf Transparenz and Verantwortlichkeit. Wir sind stolz darauf, unsere finanzielle Position mit unseren gesch\u00e4tzten G\u00e4sten und Interessensvertretern zu teilen.\",\"breadcrumb\":{\"@id\":\"https:\/\/www.neptune.gr\/de\/financial-transparency\/#breadcrumb\"},\"inLanguage\":\"de-DE\",\"potentialAction\":[{\"@type\":\"ReadAction\",\"target\":[\"https:\/\/www.neptune.gr\/de\/financial-transparency\/\"]}]},{\"@type\":\"BreadcrumbList\",\"@id\":\"https:\/\/www.neptune.gr\/de\/financial-transparency\/#breadcrumb\",\"itemListElement\":[{\"@type\":\"ListItem\",\"position\":1,\"name\":\"Home\",\"item\":\"https:\/\/www.neptune.gr\/de\/\"},{\"@type\":\"ListItem\",\"position\":2,\"name\":\"Finanzielle Transparenz\"}]},{\"@type\":\"WebSite\",\"@id\":\"https:\/\/www.neptune.gr\/de\/#website\",\"url\":\"https:\/\/www.neptune.gr\/de\/\",\"name\":\"Neptune Luxury Resort\",\"description\":\"\",\"publisher\":{\"@id\":\"https:\/\/www.neptune.gr\/de\/#organization\"},\"alternateName\":\"Neptune\",\"potentialAction\":[{\"@type\":\"SearchAction\",\"target\":{\"@type\":\"EntryPoint\",\"urlTemplate\":\"https:\/\/www.neptune.gr\/de\/?s={search_term_string}\"},\"query-input\":{\"@type\":\"PropertyValueSpecification\",\"valueRequired\":true,\"valueName\":\"search_term_string\"}}],\"inLanguage\":\"de-DE\"},{\"@type\":\"Organization\",\"@id\":\"https:\/\/www.neptune.gr\/de\/#organization\",\"name\":\"Neptune Luxury Resort\",\"alternateName\":\"Neptune\",\"url\":\"https:\/\/www.neptune.gr\/de\/\",\"logo\":{\"@type\":\"ImageObject\",\"inLanguage\":\"de-DE\",\"@id\":\"https:\/\/www.neptune.gr\/de\/#\/schema\/logo\/image\/\",\"url\":\"https:\/\/www.neptune.gr\/wp-content\/uploads\/2023\/04\/positive-logo-rgb-light.jpg\",\"contentUrl\":\"https:\/\/www.neptune.gr\/wp-content\/uploads\/2023\/04\/positive-logo-rgb-light.jpg\",\"width\":775,\"height\":600,\"caption\":\"Neptune Luxury Resort\"},\"image\":{\"@id\":\"https:\/\/www.neptune.gr\/de\/#\/schema\/logo\/image\/\"},\"sameAs\":[\"https:\/\/www.facebook.com\/NeptuneHotelsKos\/\",\"https:\/\/www.instagram.com\/neptunehotels\/\",\"https:\/\/www.linkedin.com\/company\/neptunehotelskos\/\"]}]}<\/script>\n<!-- \/ Yoast SEO plugin. -->","yoast_head_json":{"title":"Finanzielle Transparenz | Neptune Luxury Resort","description":"Im Neptune Luxury Resort setzen wir auf Transparenz and Verantwortlichkeit. Wir sind stolz darauf, unsere finanzielle Position mit unseren gesch\u00e4tzten G\u00e4sten und Interessensvertretern zu teilen.","robots":{"index":"index","follow":"follow","max-snippet":"max-snippet:-1","max-image-preview":"max-image-preview:large","max-video-preview":"max-video-preview:-1"},"canonical":"https:\/\/www.neptune.gr\/de\/financial-transparency\/","og_locale":"de_DE","og_type":"article","og_title":"Finanzielle Transparenz | Neptune Luxury Resort","og_description":"Im Neptune Luxury Resort setzen wir auf Transparenz and Verantwortlichkeit. Wir sind stolz darauf, unsere finanzielle Position mit unseren gesch\u00e4tzten G\u00e4sten und Interessensvertretern zu teilen.","og_url":"https:\/\/www.neptune.gr\/de\/financial-transparency\/","og_site_name":"Neptune Luxury Resort","article_publisher":"https:\/\/www.facebook.com\/NeptuneHotelsKos\/","article_modified_time":"2025-08-30T07:01:25+00:00","og_image":[{"width":1200,"height":675,"url":"https:\/\/www.neptune.gr\/wp-content\/uploads\/2023\/04\/neptune_signature_image.jpg","type":"image\/jpeg"}],"twitter_card":"summary_large_image","schema":{"@context":"https:\/\/schema.org","@graph":[{"@type":"WebPage","@id":"https:\/\/www.neptune.gr\/de\/financial-transparency\/","url":"https:\/\/www.neptune.gr\/de\/financial-transparency\/","name":"Finanzielle Transparenz | Neptune Luxury Resort","isPartOf":{"@id":"https:\/\/www.neptune.gr\/de\/#website"},"datePublished":"2023-03-17T14:01:20+00:00","dateModified":"2025-08-30T07:01:25+00:00","description":"Im Neptune Luxury Resort setzen wir auf Transparenz and Verantwortlichkeit. Wir sind stolz darauf, unsere finanzielle Position mit unseren gesch\u00e4tzten G\u00e4sten und Interessensvertretern zu teilen.","breadcrumb":{"@id":"https:\/\/www.neptune.gr\/de\/financial-transparency\/#breadcrumb"},"inLanguage":"de-DE","potentialAction":[{"@type":"ReadAction","target":["https:\/\/www.neptune.gr\/de\/financial-transparency\/"]}]},{"@type":"BreadcrumbList","@id":"https:\/\/www.neptune.gr\/de\/financial-transparency\/#breadcrumb","itemListElement":[{"@type":"ListItem","position":1,"name":"Home","item":"https:\/\/www.neptune.gr\/de\/"},{"@type":"ListItem","position":2,"name":"Finanzielle Transparenz"}]},{"@type":"WebSite","@id":"https:\/\/www.neptune.gr\/de\/#website","url":"https:\/\/www.neptune.gr\/de\/","name":"Neptune Luxury Resort","description":"","publisher":{"@id":"https:\/\/www.neptune.gr\/de\/#organization"},"alternateName":"Neptune","potentialAction":[{"@type":"SearchAction","target":{"@type":"EntryPoint","urlTemplate":"https:\/\/www.neptune.gr\/de\/?s={search_term_string}"},"query-input":{"@type":"PropertyValueSpecification","valueRequired":true,"valueName":"search_term_string"}}],"inLanguage":"de-DE"},{"@type":"Organization","@id":"https:\/\/www.neptune.gr\/de\/#organization","name":"Neptune Luxury Resort","alternateName":"Neptune","url":"https:\/\/www.neptune.gr\/de\/","logo":{"@type":"ImageObject","inLanguage":"de-DE","@id":"https:\/\/www.neptune.gr\/de\/#\/schema\/logo\/image\/","url":"https:\/\/www.neptune.gr\/wp-content\/uploads\/2023\/04\/positive-logo-rgb-light.jpg","contentUrl":"https:\/\/www.neptune.gr\/wp-content\/uploads\/2023\/04\/positive-logo-rgb-light.jpg","width":775,"height":600,"caption":"Neptune Luxury Resort"},"image":{"@id":"https:\/\/www.neptune.gr\/de\/#\/schema\/logo\/image\/"},"sameAs":["https:\/\/www.facebook.com\/NeptuneHotelsKos\/","https:\/\/www.instagram.com\/neptunehotels\/","https:\/\/www.linkedin.com\/company\/neptunehotelskos\/"]}]}},"_links":{"self":[{"href":"https:\/\/www.neptune.gr\/de\/wp-json\/wp\/v2\/pages\/15131","targetHints":{"allow":["GET"]}}],"collection":[{"href":"https:\/\/www.neptune.gr\/de\/wp-json\/wp\/v2\/pages"}],"about":[{"href":"https:\/\/www.neptune.gr\/de\/wp-json\/wp\/v2\/types\/page"}],"author":[{"embeddable":true,"href":"https:\/\/www.neptune.gr\/de\/wp-json\/wp\/v2\/users\/1"}],"replies":[{"embeddable":true,"href":"https:\/\/www.neptune.gr\/de\/wp-json\/wp\/v2\/comments?post=15131"}],"version-history":[{"count":4,"href":"https:\/\/www.neptune.gr\/de\/wp-json\/wp\/v2\/pages\/15131\/revisions"}],"predecessor-version":[{"id":122439,"href":"https:\/\/www.neptune.gr\/de\/wp-json\/wp\/v2\/pages\/15131\/revisions\/122439"}],"wp:attachment":[{"href":"https:\/\/www.neptune.gr\/de\/wp-json\/wp\/v2\/media?parent=15131"}],"curies":[{"name":"wp","href":"https:\/\/api.w.org\/{rel}","templated":true}]}}