{"id":14386,"date":"2023-03-09T11:54:48","date_gmt":"2023-03-09T09:54:48","guid":{"rendered":"https:\/\/www.neptune.gr\/?page_id=14386"},"modified":"2025-06-11T10:54:51","modified_gmt":"2025-06-11T07:54:51","slug":"courses-and-lessons","status":"publish","type":"page","link":"https:\/\/www.neptune.gr\/de\/sport\/courses-and-lessons\/","title":{"rendered":"Kurse &#038; Unterrichtsstunden"},"content":{"rendered":"","protected":false},"excerpt":{"rendered":"","protected":false},"author":1,"featured_media":0,"parent":14553,"menu_order":135,"comment_status":"closed","ping_status":"closed","template":"templates\/activties.php","meta":{"_acf_changed":false,"inline_featured_image":false,"footnotes":""},"class_list":["post-14386","page","type-page","status-publish","hentry"],"acf":[],"yoast_head":"<!-- This site is optimized with the Yoast SEO plugin v26.6 - https:\/\/yoast.com\/wordpress\/plugins\/seo\/ -->\n<title>Kurse &amp; Unterrichtsstunden | Neptune Luxury Resort<\/title>\n<meta name=\"description\" content=\"Dann lassen Sie sich zeigen, wie man die perfekten Wellen am Neptune Strand b\u00e4ndigt, oder werfen Sie sich in Ihre Taucherausr\u00fcstung, um die faszinierende Welt unter Wasser mit ihren Fels\u00fcberh\u00e4ngen, Passagen und fantastischem Artenreichtum zu erkunden.\" \/>\n<meta name=\"robots\" content=\"index, follow, max-snippet:-1, max-image-preview:large, max-video-preview:-1\" \/>\n<link rel=\"canonical\" href=\"https:\/\/www.neptune.gr\/de\/sport\/courses-and-lessons\/\" \/>\n<meta property=\"og:locale\" content=\"de_DE\" \/>\n<meta property=\"og:type\" content=\"article\" \/>\n<meta property=\"og:title\" content=\"Kurse &amp; Unterrichtsstunden | Neptune Luxury Resort\" \/>\n<meta property=\"og:description\" content=\"Dann lassen Sie sich zeigen, wie man die perfekten Wellen am Neptune Strand b\u00e4ndigt, oder werfen Sie sich in Ihre Taucherausr\u00fcstung, um die faszinierende Welt unter Wasser mit ihren Fels\u00fcberh\u00e4ngen, Passagen und fantastischem Artenreichtum zu erkunden.\" \/>\n<meta property=\"og:url\" content=\"https:\/\/www.neptune.gr\/de\/sport\/courses-and-lessons\/\" \/>\n<meta property=\"og:site_name\" content=\"Neptune Luxury Resort\" \/>\n<meta property=\"article:publisher\" content=\"https:\/\/www.facebook.com\/NeptuneHotelsKos\/\" \/>\n<meta property=\"article:modified_time\" content=\"2025-06-11T07:54:51+00:00\" \/>\n<meta property=\"og:image\" content=\"https:\/\/www.neptune.gr\/wp-content\/uploads\/2023\/04\/neptune_signature_image.jpg\" \/>\n\t<meta property=\"og:image:width\" content=\"1200\" \/>\n\t<meta property=\"og:image:height\" content=\"675\" \/>\n\t<meta property=\"og:image:type\" content=\"image\/jpeg\" \/>\n<meta name=\"twitter:card\" content=\"summary_large_image\" \/>\n<script type=\"application\/ld+json\" class=\"yoast-schema-graph\">{\"@context\":\"https:\/\/schema.org\",\"@graph\":[{\"@type\":\"WebPage\",\"@id\":\"https:\/\/www.neptune.gr\/de\/sport\/courses-and-lessons\/\",\"url\":\"https:\/\/www.neptune.gr\/de\/sport\/courses-and-lessons\/\",\"name\":\"Kurse & Unterrichtsstunden | Neptune Luxury Resort\",\"isPartOf\":{\"@id\":\"https:\/\/www.neptune.gr\/de\/#website\"},\"datePublished\":\"2023-03-09T09:54:48+00:00\",\"dateModified\":\"2025-06-11T07:54:51+00:00\",\"description\":\"Dann lassen Sie sich zeigen, wie man die perfekten Wellen am Neptune Strand b\u00e4ndigt, oder werfen Sie sich in Ihre Taucherausr\u00fcstung, um die faszinierende Welt unter Wasser mit ihren Fels\u00fcberh\u00e4ngen, Passagen und fantastischem Artenreichtum zu erkunden.\",\"breadcrumb\":{\"@id\":\"https:\/\/www.neptune.gr\/de\/sport\/courses-and-lessons\/#breadcrumb\"},\"inLanguage\":\"de-DE\",\"potentialAction\":[{\"@type\":\"ReadAction\",\"target\":[\"https:\/\/www.neptune.gr\/de\/sport\/courses-and-lessons\/\"]}]},{\"@type\":\"BreadcrumbList\",\"@id\":\"https:\/\/www.neptune.gr\/de\/sport\/courses-and-lessons\/#breadcrumb\",\"itemListElement\":[{\"@type\":\"ListItem\",\"position\":1,\"name\":\"Home\",\"item\":\"https:\/\/www.neptune.gr\/de\/\"},{\"@type\":\"ListItem\",\"position\":2,\"name\":\"Sport\",\"item\":\"https:\/\/www.neptune.gr\/de\/sport\/\"},{\"@type\":\"ListItem\",\"position\":3,\"name\":\"Kurse &#038; Unterrichtsstunden\"}]},{\"@type\":\"WebSite\",\"@id\":\"https:\/\/www.neptune.gr\/de\/#website\",\"url\":\"https:\/\/www.neptune.gr\/de\/\",\"name\":\"Neptune Luxury Resort\",\"description\":\"\",\"publisher\":{\"@id\":\"https:\/\/www.neptune.gr\/de\/#organization\"},\"alternateName\":\"Neptune\",\"potentialAction\":[{\"@type\":\"SearchAction\",\"target\":{\"@type\":\"EntryPoint\",\"urlTemplate\":\"https:\/\/www.neptune.gr\/de\/?s={search_term_string}\"},\"query-input\":{\"@type\":\"PropertyValueSpecification\",\"valueRequired\":true,\"valueName\":\"search_term_string\"}}],\"inLanguage\":\"de-DE\"},{\"@type\":\"Organization\",\"@id\":\"https:\/\/www.neptune.gr\/de\/#organization\",\"name\":\"Neptune Luxury Resort\",\"alternateName\":\"Neptune\",\"url\":\"https:\/\/www.neptune.gr\/de\/\",\"logo\":{\"@type\":\"ImageObject\",\"inLanguage\":\"de-DE\",\"@id\":\"https:\/\/www.neptune.gr\/de\/#\/schema\/logo\/image\/\",\"url\":\"https:\/\/www.neptune.gr\/wp-content\/uploads\/2023\/04\/positive-logo-rgb-light.jpg\",\"contentUrl\":\"https:\/\/www.neptune.gr\/wp-content\/uploads\/2023\/04\/positive-logo-rgb-light.jpg\",\"width\":775,\"height\":600,\"caption\":\"Neptune Luxury Resort\"},\"image\":{\"@id\":\"https:\/\/www.neptune.gr\/de\/#\/schema\/logo\/image\/\"},\"sameAs\":[\"https:\/\/www.facebook.com\/NeptuneHotelsKos\/\",\"https:\/\/www.instagram.com\/neptunehotels\/\",\"https:\/\/www.linkedin.com\/company\/neptunehotelskos\/\"]}]}<\/script>\n<!-- \/ Yoast SEO plugin. -->","yoast_head_json":{"title":"Kurse & Unterrichtsstunden | Neptune Luxury Resort","description":"Dann lassen Sie sich zeigen, wie man die perfekten Wellen am Neptune Strand b\u00e4ndigt, oder werfen Sie sich in Ihre Taucherausr\u00fcstung, um die faszinierende Welt unter Wasser mit ihren Fels\u00fcberh\u00e4ngen, Passagen und fantastischem Artenreichtum zu erkunden.","robots":{"index":"index","follow":"follow","max-snippet":"max-snippet:-1","max-image-preview":"max-image-preview:large","max-video-preview":"max-video-preview:-1"},"canonical":"https:\/\/www.neptune.gr\/de\/sport\/courses-and-lessons\/","og_locale":"de_DE","og_type":"article","og_title":"Kurse & Unterrichtsstunden | Neptune Luxury Resort","og_description":"Dann lassen Sie sich zeigen, wie man die perfekten Wellen am Neptune Strand b\u00e4ndigt, oder werfen Sie sich in Ihre Taucherausr\u00fcstung, um die faszinierende Welt unter Wasser mit ihren Fels\u00fcberh\u00e4ngen, Passagen und fantastischem Artenreichtum zu erkunden.","og_url":"https:\/\/www.neptune.gr\/de\/sport\/courses-and-lessons\/","og_site_name":"Neptune Luxury Resort","article_publisher":"https:\/\/www.facebook.com\/NeptuneHotelsKos\/","article_modified_time":"2025-06-11T07:54:51+00:00","og_image":[{"width":1200,"height":675,"url":"https:\/\/www.neptune.gr\/wp-content\/uploads\/2023\/04\/neptune_signature_image.jpg","type":"image\/jpeg"}],"twitter_card":"summary_large_image","schema":{"@context":"https:\/\/schema.org","@graph":[{"@type":"WebPage","@id":"https:\/\/www.neptune.gr\/de\/sport\/courses-and-lessons\/","url":"https:\/\/www.neptune.gr\/de\/sport\/courses-and-lessons\/","name":"Kurse & Unterrichtsstunden | Neptune Luxury Resort","isPartOf":{"@id":"https:\/\/www.neptune.gr\/de\/#website"},"datePublished":"2023-03-09T09:54:48+00:00","dateModified":"2025-06-11T07:54:51+00:00","description":"Dann lassen Sie sich zeigen, wie man die perfekten Wellen am Neptune Strand b\u00e4ndigt, oder werfen Sie sich in Ihre Taucherausr\u00fcstung, um die faszinierende Welt unter Wasser mit ihren Fels\u00fcberh\u00e4ngen, Passagen und fantastischem Artenreichtum zu erkunden.","breadcrumb":{"@id":"https:\/\/www.neptune.gr\/de\/sport\/courses-and-lessons\/#breadcrumb"},"inLanguage":"de-DE","potentialAction":[{"@type":"ReadAction","target":["https:\/\/www.neptune.gr\/de\/sport\/courses-and-lessons\/"]}]},{"@type":"BreadcrumbList","@id":"https:\/\/www.neptune.gr\/de\/sport\/courses-and-lessons\/#breadcrumb","itemListElement":[{"@type":"ListItem","position":1,"name":"Home","item":"https:\/\/www.neptune.gr\/de\/"},{"@type":"ListItem","position":2,"name":"Sport","item":"https:\/\/www.neptune.gr\/de\/sport\/"},{"@type":"ListItem","position":3,"name":"Kurse &#038; Unterrichtsstunden"}]},{"@type":"WebSite","@id":"https:\/\/www.neptune.gr\/de\/#website","url":"https:\/\/www.neptune.gr\/de\/","name":"Neptune Luxury Resort","description":"","publisher":{"@id":"https:\/\/www.neptune.gr\/de\/#organization"},"alternateName":"Neptune","potentialAction":[{"@type":"SearchAction","target":{"@type":"EntryPoint","urlTemplate":"https:\/\/www.neptune.gr\/de\/?s={search_term_string}"},"query-input":{"@type":"PropertyValueSpecification","valueRequired":true,"valueName":"search_term_string"}}],"inLanguage":"de-DE"},{"@type":"Organization","@id":"https:\/\/www.neptune.gr\/de\/#organization","name":"Neptune Luxury Resort","alternateName":"Neptune","url":"https:\/\/www.neptune.gr\/de\/","logo":{"@type":"ImageObject","inLanguage":"de-DE","@id":"https:\/\/www.neptune.gr\/de\/#\/schema\/logo\/image\/","url":"https:\/\/www.neptune.gr\/wp-content\/uploads\/2023\/04\/positive-logo-rgb-light.jpg","contentUrl":"https:\/\/www.neptune.gr\/wp-content\/uploads\/2023\/04\/positive-logo-rgb-light.jpg","width":775,"height":600,"caption":"Neptune Luxury Resort"},"image":{"@id":"https:\/\/www.neptune.gr\/de\/#\/schema\/logo\/image\/"},"sameAs":["https:\/\/www.facebook.com\/NeptuneHotelsKos\/","https:\/\/www.instagram.com\/neptunehotels\/","https:\/\/www.linkedin.com\/company\/neptunehotelskos\/"]}]}},"_links":{"self":[{"href":"https:\/\/www.neptune.gr\/de\/wp-json\/wp\/v2\/pages\/14386","targetHints":{"allow":["GET"]}}],"collection":[{"href":"https:\/\/www.neptune.gr\/de\/wp-json\/wp\/v2\/pages"}],"about":[{"href":"https:\/\/www.neptune.gr\/de\/wp-json\/wp\/v2\/types\/page"}],"author":[{"embeddable":true,"href":"https:\/\/www.neptune.gr\/de\/wp-json\/wp\/v2\/users\/1"}],"replies":[{"embeddable":true,"href":"https:\/\/www.neptune.gr\/de\/wp-json\/wp\/v2\/comments?post=14386"}],"version-history":[{"count":5,"href":"https:\/\/www.neptune.gr\/de\/wp-json\/wp\/v2\/pages\/14386\/revisions"}],"predecessor-version":[{"id":119846,"href":"https:\/\/www.neptune.gr\/de\/wp-json\/wp\/v2\/pages\/14386\/revisions\/119846"}],"up":[{"embeddable":true,"href":"https:\/\/www.neptune.gr\/de\/wp-json\/wp\/v2\/pages\/14553"}],"wp:attachment":[{"href":"https:\/\/www.neptune.gr\/de\/wp-json\/wp\/v2\/media?parent=14386"}],"curies":[{"name":"wp","href":"https:\/\/api.w.org\/{rel}","templated":true}]}}