{"id":13277,"date":"2023-01-16T23:07:41","date_gmt":"2023-01-16T21:07:41","guid":{"rendered":"https:\/\/www.neptune.gr\/sustainability\/"},"modified":"2024-08-26T16:07:40","modified_gmt":"2024-08-26T13:07:40","slug":"sustainability","status":"publish","type":"page","link":"https:\/\/www.neptune.gr\/de\/sustainability\/","title":{"rendered":"Nachhaltigkeit"},"content":{"rendered":"","protected":false},"excerpt":{"rendered":"","protected":false},"author":1,"featured_media":0,"parent":0,"menu_order":210,"comment_status":"closed","ping_status":"closed","template":"templates\/sustainability.php","meta":{"_acf_changed":false,"inline_featured_image":false,"footnotes":""},"class_list":["post-13277","page","type-page","status-publish","hentry"],"acf":[],"yoast_head":"<!-- This site is optimized with the Yoast SEO plugin v27.5 - https:\/\/yoast.com\/product\/yoast-seo-wordpress\/ -->\n<title>Nachhaltigkeit | Neptune Luxury Resort<\/title>\n<meta name=\"description\" content=\"Im Einklang mit den internationalen Kriterien des Globalen Rats f\u00fcr Nachhaltigen Tourismus (GSTC) \u00fcbernehmen wir konsequent und methodisch eine Reihe von Aktionen, die auf die Optimierung der Qualit\u00e4t, der Sicherheit und der Nachhaltigkeit unseres Hotels.\" \/>\n<meta name=\"robots\" content=\"index, follow, max-snippet:-1, max-image-preview:large, max-video-preview:-1\" \/>\n<link rel=\"canonical\" href=\"https:\/\/www.neptune.gr\/de\/sustainability\/\" \/>\n<meta property=\"og:locale\" content=\"de_DE\" \/>\n<meta property=\"og:type\" content=\"article\" \/>\n<meta property=\"og:title\" content=\"Nachhaltigkeit | Neptune Luxury Resort\" \/>\n<meta property=\"og:description\" content=\"Im Einklang mit den internationalen Kriterien des Globalen Rats f\u00fcr Nachhaltigen Tourismus (GSTC) \u00fcbernehmen wir konsequent und methodisch eine Reihe von Aktionen, die auf die Optimierung der Qualit\u00e4t, der Sicherheit und der Nachhaltigkeit unseres Hotels.\" \/>\n<meta property=\"og:url\" content=\"https:\/\/www.neptune.gr\/de\/sustainability\/\" \/>\n<meta property=\"og:site_name\" content=\"Neptune Luxury Resort\" \/>\n<meta property=\"article:publisher\" content=\"https:\/\/www.facebook.com\/NeptuneHotelsKos\/\" \/>\n<meta property=\"article:modified_time\" content=\"2024-08-26T13:07:40+00:00\" \/>\n<meta property=\"og:image\" content=\"https:\/\/www.neptune.gr\/wp-content\/uploads\/2023\/04\/neptune_signature_image.jpg\" \/>\n\t<meta property=\"og:image:width\" content=\"1200\" \/>\n\t<meta property=\"og:image:height\" content=\"675\" \/>\n\t<meta property=\"og:image:type\" content=\"image\/jpeg\" \/>\n<meta name=\"twitter:card\" content=\"summary_large_image\" \/>\n<script type=\"application\/ld+json\" class=\"yoast-schema-graph\">{\"@context\":\"https:\\\/\\\/schema.org\",\"@graph\":[{\"@type\":\"WebPage\",\"@id\":\"https:\\\/\\\/www.neptune.gr\\\/de\\\/sustainability\\\/\",\"url\":\"https:\\\/\\\/www.neptune.gr\\\/de\\\/sustainability\\\/\",\"name\":\"Nachhaltigkeit | Neptune Luxury Resort\",\"isPartOf\":{\"@id\":\"https:\\\/\\\/www.neptune.gr\\\/de\\\/#website\"},\"datePublished\":\"2023-01-16T21:07:41+00:00\",\"dateModified\":\"2024-08-26T13:07:40+00:00\",\"description\":\"Im Einklang mit den internationalen Kriterien des Globalen Rats f\u00fcr Nachhaltigen Tourismus (GSTC) \u00fcbernehmen wir konsequent und methodisch eine Reihe von Aktionen, die auf die Optimierung der Qualit\u00e4t, der Sicherheit und der Nachhaltigkeit unseres Hotels.\",\"breadcrumb\":{\"@id\":\"https:\\\/\\\/www.neptune.gr\\\/de\\\/sustainability\\\/#breadcrumb\"},\"inLanguage\":\"de-DE\",\"potentialAction\":[{\"@type\":\"ReadAction\",\"target\":[\"https:\\\/\\\/www.neptune.gr\\\/de\\\/sustainability\\\/\"]}]},{\"@type\":\"BreadcrumbList\",\"@id\":\"https:\\\/\\\/www.neptune.gr\\\/de\\\/sustainability\\\/#breadcrumb\",\"itemListElement\":[{\"@type\":\"ListItem\",\"position\":1,\"name\":\"Home\",\"item\":\"https:\\\/\\\/www.neptune.gr\\\/de\\\/\"},{\"@type\":\"ListItem\",\"position\":2,\"name\":\"Nachhaltigkeit\"}]},{\"@type\":\"WebSite\",\"@id\":\"https:\\\/\\\/www.neptune.gr\\\/de\\\/#website\",\"url\":\"https:\\\/\\\/www.neptune.gr\\\/de\\\/\",\"name\":\"Neptune Luxury Resort\",\"description\":\"\",\"publisher\":{\"@id\":\"https:\\\/\\\/www.neptune.gr\\\/de\\\/#organization\"},\"alternateName\":\"Neptune\",\"potentialAction\":[{\"@type\":\"SearchAction\",\"target\":{\"@type\":\"EntryPoint\",\"urlTemplate\":\"https:\\\/\\\/www.neptune.gr\\\/de\\\/?s={search_term_string}\"},\"query-input\":{\"@type\":\"PropertyValueSpecification\",\"valueRequired\":true,\"valueName\":\"search_term_string\"}}],\"inLanguage\":\"de-DE\"},{\"@type\":\"Organization\",\"@id\":\"https:\\\/\\\/www.neptune.gr\\\/de\\\/#organization\",\"name\":\"Neptune Luxury Resort\",\"alternateName\":\"Neptune\",\"url\":\"https:\\\/\\\/www.neptune.gr\\\/de\\\/\",\"logo\":{\"@type\":\"ImageObject\",\"inLanguage\":\"de-DE\",\"@id\":\"https:\\\/\\\/www.neptune.gr\\\/de\\\/#\\\/schema\\\/logo\\\/image\\\/\",\"url\":\"https:\\\/\\\/www.neptune.gr\\\/wp-content\\\/uploads\\\/2023\\\/04\\\/positive-logo-rgb-light.jpg\",\"contentUrl\":\"https:\\\/\\\/www.neptune.gr\\\/wp-content\\\/uploads\\\/2023\\\/04\\\/positive-logo-rgb-light.jpg\",\"width\":775,\"height\":600,\"caption\":\"Neptune Luxury Resort\"},\"image\":{\"@id\":\"https:\\\/\\\/www.neptune.gr\\\/de\\\/#\\\/schema\\\/logo\\\/image\\\/\"},\"sameAs\":[\"https:\\\/\\\/www.facebook.com\\\/NeptuneHotelsKos\\\/\",\"https:\\\/\\\/www.instagram.com\\\/neptunehotels\\\/\",\"https:\\\/\\\/www.linkedin.com\\\/company\\\/neptunehotelskos\\\/\"]}]}<\/script>\n<!-- \/ Yoast SEO plugin. -->","yoast_head_json":{"title":"Nachhaltigkeit | Neptune Luxury Resort","description":"Im Einklang mit den internationalen Kriterien des Globalen Rats f\u00fcr Nachhaltigen Tourismus (GSTC) \u00fcbernehmen wir konsequent und methodisch eine Reihe von Aktionen, die auf die Optimierung der Qualit\u00e4t, der Sicherheit und der Nachhaltigkeit unseres Hotels.","robots":{"index":"index","follow":"follow","max-snippet":"max-snippet:-1","max-image-preview":"max-image-preview:large","max-video-preview":"max-video-preview:-1"},"canonical":"https:\/\/www.neptune.gr\/de\/sustainability\/","og_locale":"de_DE","og_type":"article","og_title":"Nachhaltigkeit | Neptune Luxury Resort","og_description":"Im Einklang mit den internationalen Kriterien des Globalen Rats f\u00fcr Nachhaltigen Tourismus (GSTC) \u00fcbernehmen wir konsequent und methodisch eine Reihe von Aktionen, die auf die Optimierung der Qualit\u00e4t, der Sicherheit und der Nachhaltigkeit unseres Hotels.","og_url":"https:\/\/www.neptune.gr\/de\/sustainability\/","og_site_name":"Neptune Luxury Resort","article_publisher":"https:\/\/www.facebook.com\/NeptuneHotelsKos\/","article_modified_time":"2024-08-26T13:07:40+00:00","og_image":[{"width":1200,"height":675,"url":"https:\/\/www.neptune.gr\/wp-content\/uploads\/2023\/04\/neptune_signature_image.jpg","type":"image\/jpeg"}],"twitter_card":"summary_large_image","schema":{"@context":"https:\/\/schema.org","@graph":[{"@type":"WebPage","@id":"https:\/\/www.neptune.gr\/de\/sustainability\/","url":"https:\/\/www.neptune.gr\/de\/sustainability\/","name":"Nachhaltigkeit | Neptune Luxury Resort","isPartOf":{"@id":"https:\/\/www.neptune.gr\/de\/#website"},"datePublished":"2023-01-16T21:07:41+00:00","dateModified":"2024-08-26T13:07:40+00:00","description":"Im Einklang mit den internationalen Kriterien des Globalen Rats f\u00fcr Nachhaltigen Tourismus (GSTC) \u00fcbernehmen wir konsequent und methodisch eine Reihe von Aktionen, die auf die Optimierung der Qualit\u00e4t, der Sicherheit und der Nachhaltigkeit unseres Hotels.","breadcrumb":{"@id":"https:\/\/www.neptune.gr\/de\/sustainability\/#breadcrumb"},"inLanguage":"de-DE","potentialAction":[{"@type":"ReadAction","target":["https:\/\/www.neptune.gr\/de\/sustainability\/"]}]},{"@type":"BreadcrumbList","@id":"https:\/\/www.neptune.gr\/de\/sustainability\/#breadcrumb","itemListElement":[{"@type":"ListItem","position":1,"name":"Home","item":"https:\/\/www.neptune.gr\/de\/"},{"@type":"ListItem","position":2,"name":"Nachhaltigkeit"}]},{"@type":"WebSite","@id":"https:\/\/www.neptune.gr\/de\/#website","url":"https:\/\/www.neptune.gr\/de\/","name":"Neptune Luxury Resort","description":"","publisher":{"@id":"https:\/\/www.neptune.gr\/de\/#organization"},"alternateName":"Neptune","potentialAction":[{"@type":"SearchAction","target":{"@type":"EntryPoint","urlTemplate":"https:\/\/www.neptune.gr\/de\/?s={search_term_string}"},"query-input":{"@type":"PropertyValueSpecification","valueRequired":true,"valueName":"search_term_string"}}],"inLanguage":"de-DE"},{"@type":"Organization","@id":"https:\/\/www.neptune.gr\/de\/#organization","name":"Neptune Luxury Resort","alternateName":"Neptune","url":"https:\/\/www.neptune.gr\/de\/","logo":{"@type":"ImageObject","inLanguage":"de-DE","@id":"https:\/\/www.neptune.gr\/de\/#\/schema\/logo\/image\/","url":"https:\/\/www.neptune.gr\/wp-content\/uploads\/2023\/04\/positive-logo-rgb-light.jpg","contentUrl":"https:\/\/www.neptune.gr\/wp-content\/uploads\/2023\/04\/positive-logo-rgb-light.jpg","width":775,"height":600,"caption":"Neptune Luxury Resort"},"image":{"@id":"https:\/\/www.neptune.gr\/de\/#\/schema\/logo\/image\/"},"sameAs":["https:\/\/www.facebook.com\/NeptuneHotelsKos\/","https:\/\/www.instagram.com\/neptunehotels\/","https:\/\/www.linkedin.com\/company\/neptunehotelskos\/"]}]}},"_links":{"self":[{"href":"https:\/\/www.neptune.gr\/de\/wp-json\/wp\/v2\/pages\/13277","targetHints":{"allow":["GET"]}}],"collection":[{"href":"https:\/\/www.neptune.gr\/de\/wp-json\/wp\/v2\/pages"}],"about":[{"href":"https:\/\/www.neptune.gr\/de\/wp-json\/wp\/v2\/types\/page"}],"author":[{"embeddable":true,"href":"https:\/\/www.neptune.gr\/de\/wp-json\/wp\/v2\/users\/1"}],"replies":[{"embeddable":true,"href":"https:\/\/www.neptune.gr\/de\/wp-json\/wp\/v2\/comments?post=13277"}],"version-history":[{"count":5,"href":"https:\/\/www.neptune.gr\/de\/wp-json\/wp\/v2\/pages\/13277\/revisions"}],"predecessor-version":[{"id":115688,"href":"https:\/\/www.neptune.gr\/de\/wp-json\/wp\/v2\/pages\/13277\/revisions\/115688"}],"wp:attachment":[{"href":"https:\/\/www.neptune.gr\/de\/wp-json\/wp\/v2\/media?parent=13277"}],"curies":[{"name":"wp","href":"https:\/\/api.w.org\/{rel}","templated":true}]}}