{"id":13065,"date":"2023-02-24T17:27:43","date_gmt":"2023-02-24T15:27:43","guid":{"rendered":"https:\/\/www.neptune.gr\/sdg-s-engagement-policies-and-reports\/"},"modified":"2025-08-08T13:37:34","modified_gmt":"2025-08-08T10:37:34","slug":"sdg-s-engagement-policies-and-reports","status":"publish","type":"page","link":"https:\/\/www.neptune.gr\/de\/sustainability\/sdg-s-engagement-policies-and-reports\/","title":{"rendered":"Unsere Richtlinien und Berichte in Zusammenhang mit den Zielen f\u00fcr eine nachhaltige Entwicklung (SDG&#8217;s-2015)"},"content":{"rendered":"","protected":false},"excerpt":{"rendered":"","protected":false},"author":1,"featured_media":0,"parent":13277,"menu_order":227,"comment_status":"closed","ping_status":"closed","template":"templates\/activties.php","meta":{"_acf_changed":false,"inline_featured_image":false,"footnotes":""},"class_list":["post-13065","page","type-page","status-publish","hentry"],"acf":[],"yoast_head":"<!-- This site is optimized with the Yoast SEO plugin v26.6 - https:\/\/yoast.com\/wordpress\/plugins\/seo\/ -->\n<title>Unsere Richtlinien und Berichte in Zusammenhang mit den Zielen f\u00fcr eine nachhaltige Entwicklung (SDG&#039;s-2015) | Neptune Luxury Resort<\/title>\n<meta name=\"description\" content=\"Anhand der nachstehenden Dateien gehen wir im Detail auf die Grunds\u00e4tze und Vorgaben ein, aufgrund derer wir f\u00fcr den Schutz der Gesundheit, der Sicherheit und des Wohlbefindens unserer Mitarbeiter, unserer G\u00e4ste und unserer Partner sorgen.\" \/>\n<meta name=\"robots\" content=\"index, follow, max-snippet:-1, max-image-preview:large, max-video-preview:-1\" \/>\n<link rel=\"canonical\" href=\"https:\/\/www.neptune.gr\/de\/sustainability\/sdg-s-engagement-policies-and-reports\/\" \/>\n<meta property=\"og:locale\" content=\"de_DE\" \/>\n<meta property=\"og:type\" content=\"article\" \/>\n<meta property=\"og:title\" content=\"Unsere Richtlinien und Berichte in Zusammenhang mit den Zielen f\u00fcr eine nachhaltige Entwicklung (SDG&#039;s-2015) | Neptune Luxury Resort\" \/>\n<meta property=\"og:description\" content=\"Anhand der nachstehenden Dateien gehen wir im Detail auf die Grunds\u00e4tze und Vorgaben ein, aufgrund derer wir f\u00fcr den Schutz der Gesundheit, der Sicherheit und des Wohlbefindens unserer Mitarbeiter, unserer G\u00e4ste und unserer Partner sorgen.\" \/>\n<meta property=\"og:url\" content=\"https:\/\/www.neptune.gr\/de\/sustainability\/sdg-s-engagement-policies-and-reports\/\" \/>\n<meta property=\"og:site_name\" content=\"Neptune Luxury Resort\" \/>\n<meta property=\"article:publisher\" content=\"https:\/\/www.facebook.com\/NeptuneHotelsKos\/\" \/>\n<meta property=\"article:modified_time\" content=\"2025-08-08T10:37:34+00:00\" \/>\n<meta property=\"og:image\" content=\"https:\/\/www.neptune.gr\/wp-content\/uploads\/2023\/04\/neptune_signature_image.jpg\" \/>\n\t<meta property=\"og:image:width\" content=\"1200\" \/>\n\t<meta property=\"og:image:height\" content=\"675\" \/>\n\t<meta property=\"og:image:type\" content=\"image\/jpeg\" \/>\n<meta name=\"twitter:card\" content=\"summary_large_image\" \/>\n<script type=\"application\/ld+json\" class=\"yoast-schema-graph\">{\"@context\":\"https:\/\/schema.org\",\"@graph\":[{\"@type\":\"WebPage\",\"@id\":\"https:\/\/www.neptune.gr\/de\/sustainability\/sdg-s-engagement-policies-and-reports\/\",\"url\":\"https:\/\/www.neptune.gr\/de\/sustainability\/sdg-s-engagement-policies-and-reports\/\",\"name\":\"Unsere Richtlinien und Berichte in Zusammenhang mit den Zielen f\u00fcr eine nachhaltige Entwicklung (SDG's-2015) | Neptune Luxury Resort\",\"isPartOf\":{\"@id\":\"https:\/\/www.neptune.gr\/de\/#website\"},\"datePublished\":\"2023-02-24T15:27:43+00:00\",\"dateModified\":\"2025-08-08T10:37:34+00:00\",\"description\":\"Anhand der nachstehenden Dateien gehen wir im Detail auf die Grunds\u00e4tze und Vorgaben ein, aufgrund derer wir f\u00fcr den Schutz der Gesundheit, der Sicherheit und des Wohlbefindens unserer Mitarbeiter, unserer G\u00e4ste und unserer Partner sorgen.\",\"breadcrumb\":{\"@id\":\"https:\/\/www.neptune.gr\/de\/sustainability\/sdg-s-engagement-policies-and-reports\/#breadcrumb\"},\"inLanguage\":\"de-DE\",\"potentialAction\":[{\"@type\":\"ReadAction\",\"target\":[\"https:\/\/www.neptune.gr\/de\/sustainability\/sdg-s-engagement-policies-and-reports\/\"]}]},{\"@type\":\"BreadcrumbList\",\"@id\":\"https:\/\/www.neptune.gr\/de\/sustainability\/sdg-s-engagement-policies-and-reports\/#breadcrumb\",\"itemListElement\":[{\"@type\":\"ListItem\",\"position\":1,\"name\":\"Home\",\"item\":\"https:\/\/www.neptune.gr\/de\/\"},{\"@type\":\"ListItem\",\"position\":2,\"name\":\"Nachhaltigkeit\",\"item\":\"https:\/\/www.neptune.gr\/de\/sustainability\/\"},{\"@type\":\"ListItem\",\"position\":3,\"name\":\"Unsere Richtlinien und Berichte in Zusammenhang mit den Zielen f\u00fcr eine nachhaltige Entwicklung (SDG&#8217;s-2015)\"}]},{\"@type\":\"WebSite\",\"@id\":\"https:\/\/www.neptune.gr\/de\/#website\",\"url\":\"https:\/\/www.neptune.gr\/de\/\",\"name\":\"Neptune Luxury Resort\",\"description\":\"\",\"publisher\":{\"@id\":\"https:\/\/www.neptune.gr\/de\/#organization\"},\"alternateName\":\"Neptune\",\"potentialAction\":[{\"@type\":\"SearchAction\",\"target\":{\"@type\":\"EntryPoint\",\"urlTemplate\":\"https:\/\/www.neptune.gr\/de\/?s={search_term_string}\"},\"query-input\":{\"@type\":\"PropertyValueSpecification\",\"valueRequired\":true,\"valueName\":\"search_term_string\"}}],\"inLanguage\":\"de-DE\"},{\"@type\":\"Organization\",\"@id\":\"https:\/\/www.neptune.gr\/de\/#organization\",\"name\":\"Neptune Luxury Resort\",\"alternateName\":\"Neptune\",\"url\":\"https:\/\/www.neptune.gr\/de\/\",\"logo\":{\"@type\":\"ImageObject\",\"inLanguage\":\"de-DE\",\"@id\":\"https:\/\/www.neptune.gr\/de\/#\/schema\/logo\/image\/\",\"url\":\"https:\/\/www.neptune.gr\/wp-content\/uploads\/2023\/04\/positive-logo-rgb-light.jpg\",\"contentUrl\":\"https:\/\/www.neptune.gr\/wp-content\/uploads\/2023\/04\/positive-logo-rgb-light.jpg\",\"width\":775,\"height\":600,\"caption\":\"Neptune Luxury Resort\"},\"image\":{\"@id\":\"https:\/\/www.neptune.gr\/de\/#\/schema\/logo\/image\/\"},\"sameAs\":[\"https:\/\/www.facebook.com\/NeptuneHotelsKos\/\",\"https:\/\/www.instagram.com\/neptunehotels\/\",\"https:\/\/www.linkedin.com\/company\/neptunehotelskos\/\"]}]}<\/script>\n<!-- \/ Yoast SEO plugin. -->","yoast_head_json":{"title":"Unsere Richtlinien und Berichte in Zusammenhang mit den Zielen f\u00fcr eine nachhaltige Entwicklung (SDG's-2015) | Neptune Luxury Resort","description":"Anhand der nachstehenden Dateien gehen wir im Detail auf die Grunds\u00e4tze und Vorgaben ein, aufgrund derer wir f\u00fcr den Schutz der Gesundheit, der Sicherheit und des Wohlbefindens unserer Mitarbeiter, unserer G\u00e4ste und unserer Partner sorgen.","robots":{"index":"index","follow":"follow","max-snippet":"max-snippet:-1","max-image-preview":"max-image-preview:large","max-video-preview":"max-video-preview:-1"},"canonical":"https:\/\/www.neptune.gr\/de\/sustainability\/sdg-s-engagement-policies-and-reports\/","og_locale":"de_DE","og_type":"article","og_title":"Unsere Richtlinien und Berichte in Zusammenhang mit den Zielen f\u00fcr eine nachhaltige Entwicklung (SDG's-2015) | Neptune Luxury Resort","og_description":"Anhand der nachstehenden Dateien gehen wir im Detail auf die Grunds\u00e4tze und Vorgaben ein, aufgrund derer wir f\u00fcr den Schutz der Gesundheit, der Sicherheit und des Wohlbefindens unserer Mitarbeiter, unserer G\u00e4ste und unserer Partner sorgen.","og_url":"https:\/\/www.neptune.gr\/de\/sustainability\/sdg-s-engagement-policies-and-reports\/","og_site_name":"Neptune Luxury Resort","article_publisher":"https:\/\/www.facebook.com\/NeptuneHotelsKos\/","article_modified_time":"2025-08-08T10:37:34+00:00","og_image":[{"width":1200,"height":675,"url":"https:\/\/www.neptune.gr\/wp-content\/uploads\/2023\/04\/neptune_signature_image.jpg","type":"image\/jpeg"}],"twitter_card":"summary_large_image","schema":{"@context":"https:\/\/schema.org","@graph":[{"@type":"WebPage","@id":"https:\/\/www.neptune.gr\/de\/sustainability\/sdg-s-engagement-policies-and-reports\/","url":"https:\/\/www.neptune.gr\/de\/sustainability\/sdg-s-engagement-policies-and-reports\/","name":"Unsere Richtlinien und Berichte in Zusammenhang mit den Zielen f\u00fcr eine nachhaltige Entwicklung (SDG's-2015) | Neptune Luxury Resort","isPartOf":{"@id":"https:\/\/www.neptune.gr\/de\/#website"},"datePublished":"2023-02-24T15:27:43+00:00","dateModified":"2025-08-08T10:37:34+00:00","description":"Anhand der nachstehenden Dateien gehen wir im Detail auf die Grunds\u00e4tze und Vorgaben ein, aufgrund derer wir f\u00fcr den Schutz der Gesundheit, der Sicherheit und des Wohlbefindens unserer Mitarbeiter, unserer G\u00e4ste und unserer Partner sorgen.","breadcrumb":{"@id":"https:\/\/www.neptune.gr\/de\/sustainability\/sdg-s-engagement-policies-and-reports\/#breadcrumb"},"inLanguage":"de-DE","potentialAction":[{"@type":"ReadAction","target":["https:\/\/www.neptune.gr\/de\/sustainability\/sdg-s-engagement-policies-and-reports\/"]}]},{"@type":"BreadcrumbList","@id":"https:\/\/www.neptune.gr\/de\/sustainability\/sdg-s-engagement-policies-and-reports\/#breadcrumb","itemListElement":[{"@type":"ListItem","position":1,"name":"Home","item":"https:\/\/www.neptune.gr\/de\/"},{"@type":"ListItem","position":2,"name":"Nachhaltigkeit","item":"https:\/\/www.neptune.gr\/de\/sustainability\/"},{"@type":"ListItem","position":3,"name":"Unsere Richtlinien und Berichte in Zusammenhang mit den Zielen f\u00fcr eine nachhaltige Entwicklung (SDG&#8217;s-2015)"}]},{"@type":"WebSite","@id":"https:\/\/www.neptune.gr\/de\/#website","url":"https:\/\/www.neptune.gr\/de\/","name":"Neptune Luxury Resort","description":"","publisher":{"@id":"https:\/\/www.neptune.gr\/de\/#organization"},"alternateName":"Neptune","potentialAction":[{"@type":"SearchAction","target":{"@type":"EntryPoint","urlTemplate":"https:\/\/www.neptune.gr\/de\/?s={search_term_string}"},"query-input":{"@type":"PropertyValueSpecification","valueRequired":true,"valueName":"search_term_string"}}],"inLanguage":"de-DE"},{"@type":"Organization","@id":"https:\/\/www.neptune.gr\/de\/#organization","name":"Neptune Luxury Resort","alternateName":"Neptune","url":"https:\/\/www.neptune.gr\/de\/","logo":{"@type":"ImageObject","inLanguage":"de-DE","@id":"https:\/\/www.neptune.gr\/de\/#\/schema\/logo\/image\/","url":"https:\/\/www.neptune.gr\/wp-content\/uploads\/2023\/04\/positive-logo-rgb-light.jpg","contentUrl":"https:\/\/www.neptune.gr\/wp-content\/uploads\/2023\/04\/positive-logo-rgb-light.jpg","width":775,"height":600,"caption":"Neptune Luxury Resort"},"image":{"@id":"https:\/\/www.neptune.gr\/de\/#\/schema\/logo\/image\/"},"sameAs":["https:\/\/www.facebook.com\/NeptuneHotelsKos\/","https:\/\/www.instagram.com\/neptunehotels\/","https:\/\/www.linkedin.com\/company\/neptunehotelskos\/"]}]}},"_links":{"self":[{"href":"https:\/\/www.neptune.gr\/de\/wp-json\/wp\/v2\/pages\/13065","targetHints":{"allow":["GET"]}}],"collection":[{"href":"https:\/\/www.neptune.gr\/de\/wp-json\/wp\/v2\/pages"}],"about":[{"href":"https:\/\/www.neptune.gr\/de\/wp-json\/wp\/v2\/types\/page"}],"author":[{"embeddable":true,"href":"https:\/\/www.neptune.gr\/de\/wp-json\/wp\/v2\/users\/1"}],"replies":[{"embeddable":true,"href":"https:\/\/www.neptune.gr\/de\/wp-json\/wp\/v2\/comments?post=13065"}],"version-history":[{"count":5,"href":"https:\/\/www.neptune.gr\/de\/wp-json\/wp\/v2\/pages\/13065\/revisions"}],"predecessor-version":[{"id":121964,"href":"https:\/\/www.neptune.gr\/de\/wp-json\/wp\/v2\/pages\/13065\/revisions\/121964"}],"up":[{"embeddable":true,"href":"https:\/\/www.neptune.gr\/de\/wp-json\/wp\/v2\/pages\/13277"}],"wp:attachment":[{"href":"https:\/\/www.neptune.gr\/de\/wp-json\/wp\/v2\/media?parent=13065"}],"curies":[{"name":"wp","href":"https:\/\/api.w.org\/{rel}","templated":true}]}}