{"id":12904,"date":"2023-02-23T17:33:54","date_gmt":"2023-02-23T15:33:54","guid":{"rendered":"https:\/\/www.neptune.gr\/biodiversity-protection\/"},"modified":"2025-09-30T16:18:01","modified_gmt":"2025-09-30T13:18:01","slug":"biodiversity-protection","status":"publish","type":"page","link":"https:\/\/www.neptune.gr\/de\/sustainability\/environmental-responsibility\/biodiversity-protection\/","title":{"rendered":"Schutz der biologischen Vielfalt"},"content":{"rendered":"","protected":false},"excerpt":{"rendered":"","protected":false},"author":1,"featured_media":0,"parent":12977,"menu_order":215,"comment_status":"closed","ping_status":"closed","template":"templates\/activties.php","meta":{"_acf_changed":false,"inline_featured_image":false,"footnotes":""},"class_list":["post-12904","page","type-page","status-publish","hentry"],"acf":[],"yoast_head":"<!-- This site is optimized with the Yoast SEO plugin v26.6 - https:\/\/yoast.com\/wordpress\/plugins\/seo\/ -->\n<title>Schutz der biologischen Vielfalt | Neptune Luxury Resort<\/title>\n<meta name=\"description\" content=\"Die Erhaltung der biologischen Vielfalt tr\u00e4gt zur Gew\u00e4hrleistung der wichtigen Dienste bei, die uns die Natur leistet, und stellt damit in weiterem Sinne eine Voraussetzung f\u00fcr das Wohlbefinden der Menschen und den Tourismus dar.\" \/>\n<meta name=\"robots\" content=\"index, follow, max-snippet:-1, max-image-preview:large, max-video-preview:-1\" \/>\n<link rel=\"canonical\" href=\"https:\/\/www.neptune.gr\/de\/sustainability\/environmental-responsibility\/biodiversity-protection\/\" \/>\n<meta property=\"og:locale\" content=\"de_DE\" \/>\n<meta property=\"og:type\" content=\"article\" \/>\n<meta property=\"og:title\" content=\"Schutz der biologischen Vielfalt | Neptune Luxury Resort\" \/>\n<meta property=\"og:description\" content=\"Die Erhaltung der biologischen Vielfalt tr\u00e4gt zur Gew\u00e4hrleistung der wichtigen Dienste bei, die uns die Natur leistet, und stellt damit in weiterem Sinne eine Voraussetzung f\u00fcr das Wohlbefinden der Menschen und den Tourismus dar.\" \/>\n<meta property=\"og:url\" content=\"https:\/\/www.neptune.gr\/de\/sustainability\/environmental-responsibility\/biodiversity-protection\/\" \/>\n<meta property=\"og:site_name\" content=\"Neptune Luxury Resort\" \/>\n<meta property=\"article:publisher\" content=\"https:\/\/www.facebook.com\/NeptuneHotelsKos\/\" \/>\n<meta property=\"article:modified_time\" content=\"2025-09-30T13:18:01+00:00\" \/>\n<meta property=\"og:image\" content=\"https:\/\/www.neptune.gr\/wp-content\/uploads\/2023\/04\/neptune_signature_image.jpg\" \/>\n\t<meta property=\"og:image:width\" content=\"1200\" \/>\n\t<meta property=\"og:image:height\" content=\"675\" \/>\n\t<meta property=\"og:image:type\" content=\"image\/jpeg\" \/>\n<meta name=\"twitter:card\" content=\"summary_large_image\" \/>\n<script type=\"application\/ld+json\" class=\"yoast-schema-graph\">{\"@context\":\"https:\/\/schema.org\",\"@graph\":[{\"@type\":\"WebPage\",\"@id\":\"https:\/\/www.neptune.gr\/de\/sustainability\/environmental-responsibility\/biodiversity-protection\/\",\"url\":\"https:\/\/www.neptune.gr\/de\/sustainability\/environmental-responsibility\/biodiversity-protection\/\",\"name\":\"Schutz der biologischen Vielfalt | Neptune Luxury Resort\",\"isPartOf\":{\"@id\":\"https:\/\/www.neptune.gr\/de\/#website\"},\"datePublished\":\"2023-02-23T15:33:54+00:00\",\"dateModified\":\"2025-09-30T13:18:01+00:00\",\"description\":\"Die Erhaltung der biologischen Vielfalt tr\u00e4gt zur Gew\u00e4hrleistung der wichtigen Dienste bei, die uns die Natur leistet, und stellt damit in weiterem Sinne eine Voraussetzung f\u00fcr das Wohlbefinden der Menschen und den Tourismus dar.\",\"breadcrumb\":{\"@id\":\"https:\/\/www.neptune.gr\/de\/sustainability\/environmental-responsibility\/biodiversity-protection\/#breadcrumb\"},\"inLanguage\":\"de-DE\",\"potentialAction\":[{\"@type\":\"ReadAction\",\"target\":[\"https:\/\/www.neptune.gr\/de\/sustainability\/environmental-responsibility\/biodiversity-protection\/\"]}]},{\"@type\":\"BreadcrumbList\",\"@id\":\"https:\/\/www.neptune.gr\/de\/sustainability\/environmental-responsibility\/biodiversity-protection\/#breadcrumb\",\"itemListElement\":[{\"@type\":\"ListItem\",\"position\":1,\"name\":\"Home\",\"item\":\"https:\/\/www.neptune.gr\/de\/\"},{\"@type\":\"ListItem\",\"position\":2,\"name\":\"Nachhaltigkeit\",\"item\":\"https:\/\/www.neptune.gr\/de\/sustainability\/\"},{\"@type\":\"ListItem\",\"position\":3,\"name\":\"Umweltverantwortung\",\"item\":\"https:\/\/www.neptune.gr\/de\/sustainability\/environmental-responsibility\/\"},{\"@type\":\"ListItem\",\"position\":4,\"name\":\"Schutz der biologischen Vielfalt\"}]},{\"@type\":\"WebSite\",\"@id\":\"https:\/\/www.neptune.gr\/de\/#website\",\"url\":\"https:\/\/www.neptune.gr\/de\/\",\"name\":\"Neptune Luxury Resort\",\"description\":\"\",\"publisher\":{\"@id\":\"https:\/\/www.neptune.gr\/de\/#organization\"},\"alternateName\":\"Neptune\",\"potentialAction\":[{\"@type\":\"SearchAction\",\"target\":{\"@type\":\"EntryPoint\",\"urlTemplate\":\"https:\/\/www.neptune.gr\/de\/?s={search_term_string}\"},\"query-input\":{\"@type\":\"PropertyValueSpecification\",\"valueRequired\":true,\"valueName\":\"search_term_string\"}}],\"inLanguage\":\"de-DE\"},{\"@type\":\"Organization\",\"@id\":\"https:\/\/www.neptune.gr\/de\/#organization\",\"name\":\"Neptune Luxury Resort\",\"alternateName\":\"Neptune\",\"url\":\"https:\/\/www.neptune.gr\/de\/\",\"logo\":{\"@type\":\"ImageObject\",\"inLanguage\":\"de-DE\",\"@id\":\"https:\/\/www.neptune.gr\/de\/#\/schema\/logo\/image\/\",\"url\":\"https:\/\/www.neptune.gr\/wp-content\/uploads\/2023\/04\/positive-logo-rgb-light.jpg\",\"contentUrl\":\"https:\/\/www.neptune.gr\/wp-content\/uploads\/2023\/04\/positive-logo-rgb-light.jpg\",\"width\":775,\"height\":600,\"caption\":\"Neptune Luxury Resort\"},\"image\":{\"@id\":\"https:\/\/www.neptune.gr\/de\/#\/schema\/logo\/image\/\"},\"sameAs\":[\"https:\/\/www.facebook.com\/NeptuneHotelsKos\/\",\"https:\/\/www.instagram.com\/neptunehotels\/\",\"https:\/\/www.linkedin.com\/company\/neptunehotelskos\/\"]}]}<\/script>\n<!-- \/ Yoast SEO plugin. -->","yoast_head_json":{"title":"Schutz der biologischen Vielfalt | Neptune Luxury Resort","description":"Die Erhaltung der biologischen Vielfalt tr\u00e4gt zur Gew\u00e4hrleistung der wichtigen Dienste bei, die uns die Natur leistet, und stellt damit in weiterem Sinne eine Voraussetzung f\u00fcr das Wohlbefinden der Menschen und den Tourismus dar.","robots":{"index":"index","follow":"follow","max-snippet":"max-snippet:-1","max-image-preview":"max-image-preview:large","max-video-preview":"max-video-preview:-1"},"canonical":"https:\/\/www.neptune.gr\/de\/sustainability\/environmental-responsibility\/biodiversity-protection\/","og_locale":"de_DE","og_type":"article","og_title":"Schutz der biologischen Vielfalt | Neptune Luxury Resort","og_description":"Die Erhaltung der biologischen Vielfalt tr\u00e4gt zur Gew\u00e4hrleistung der wichtigen Dienste bei, die uns die Natur leistet, und stellt damit in weiterem Sinne eine Voraussetzung f\u00fcr das Wohlbefinden der Menschen und den Tourismus dar.","og_url":"https:\/\/www.neptune.gr\/de\/sustainability\/environmental-responsibility\/biodiversity-protection\/","og_site_name":"Neptune Luxury Resort","article_publisher":"https:\/\/www.facebook.com\/NeptuneHotelsKos\/","article_modified_time":"2025-09-30T13:18:01+00:00","og_image":[{"width":1200,"height":675,"url":"https:\/\/www.neptune.gr\/wp-content\/uploads\/2023\/04\/neptune_signature_image.jpg","type":"image\/jpeg"}],"twitter_card":"summary_large_image","schema":{"@context":"https:\/\/schema.org","@graph":[{"@type":"WebPage","@id":"https:\/\/www.neptune.gr\/de\/sustainability\/environmental-responsibility\/biodiversity-protection\/","url":"https:\/\/www.neptune.gr\/de\/sustainability\/environmental-responsibility\/biodiversity-protection\/","name":"Schutz der biologischen Vielfalt | Neptune Luxury Resort","isPartOf":{"@id":"https:\/\/www.neptune.gr\/de\/#website"},"datePublished":"2023-02-23T15:33:54+00:00","dateModified":"2025-09-30T13:18:01+00:00","description":"Die Erhaltung der biologischen Vielfalt tr\u00e4gt zur Gew\u00e4hrleistung der wichtigen Dienste bei, die uns die Natur leistet, und stellt damit in weiterem Sinne eine Voraussetzung f\u00fcr das Wohlbefinden der Menschen und den Tourismus dar.","breadcrumb":{"@id":"https:\/\/www.neptune.gr\/de\/sustainability\/environmental-responsibility\/biodiversity-protection\/#breadcrumb"},"inLanguage":"de-DE","potentialAction":[{"@type":"ReadAction","target":["https:\/\/www.neptune.gr\/de\/sustainability\/environmental-responsibility\/biodiversity-protection\/"]}]},{"@type":"BreadcrumbList","@id":"https:\/\/www.neptune.gr\/de\/sustainability\/environmental-responsibility\/biodiversity-protection\/#breadcrumb","itemListElement":[{"@type":"ListItem","position":1,"name":"Home","item":"https:\/\/www.neptune.gr\/de\/"},{"@type":"ListItem","position":2,"name":"Nachhaltigkeit","item":"https:\/\/www.neptune.gr\/de\/sustainability\/"},{"@type":"ListItem","position":3,"name":"Umweltverantwortung","item":"https:\/\/www.neptune.gr\/de\/sustainability\/environmental-responsibility\/"},{"@type":"ListItem","position":4,"name":"Schutz der biologischen Vielfalt"}]},{"@type":"WebSite","@id":"https:\/\/www.neptune.gr\/de\/#website","url":"https:\/\/www.neptune.gr\/de\/","name":"Neptune Luxury Resort","description":"","publisher":{"@id":"https:\/\/www.neptune.gr\/de\/#organization"},"alternateName":"Neptune","potentialAction":[{"@type":"SearchAction","target":{"@type":"EntryPoint","urlTemplate":"https:\/\/www.neptune.gr\/de\/?s={search_term_string}"},"query-input":{"@type":"PropertyValueSpecification","valueRequired":true,"valueName":"search_term_string"}}],"inLanguage":"de-DE"},{"@type":"Organization","@id":"https:\/\/www.neptune.gr\/de\/#organization","name":"Neptune Luxury Resort","alternateName":"Neptune","url":"https:\/\/www.neptune.gr\/de\/","logo":{"@type":"ImageObject","inLanguage":"de-DE","@id":"https:\/\/www.neptune.gr\/de\/#\/schema\/logo\/image\/","url":"https:\/\/www.neptune.gr\/wp-content\/uploads\/2023\/04\/positive-logo-rgb-light.jpg","contentUrl":"https:\/\/www.neptune.gr\/wp-content\/uploads\/2023\/04\/positive-logo-rgb-light.jpg","width":775,"height":600,"caption":"Neptune Luxury Resort"},"image":{"@id":"https:\/\/www.neptune.gr\/de\/#\/schema\/logo\/image\/"},"sameAs":["https:\/\/www.facebook.com\/NeptuneHotelsKos\/","https:\/\/www.instagram.com\/neptunehotels\/","https:\/\/www.linkedin.com\/company\/neptunehotelskos\/"]}]}},"_links":{"self":[{"href":"https:\/\/www.neptune.gr\/de\/wp-json\/wp\/v2\/pages\/12904","targetHints":{"allow":["GET"]}}],"collection":[{"href":"https:\/\/www.neptune.gr\/de\/wp-json\/wp\/v2\/pages"}],"about":[{"href":"https:\/\/www.neptune.gr\/de\/wp-json\/wp\/v2\/types\/page"}],"author":[{"embeddable":true,"href":"https:\/\/www.neptune.gr\/de\/wp-json\/wp\/v2\/users\/1"}],"replies":[{"embeddable":true,"href":"https:\/\/www.neptune.gr\/de\/wp-json\/wp\/v2\/comments?post=12904"}],"version-history":[{"count":5,"href":"https:\/\/www.neptune.gr\/de\/wp-json\/wp\/v2\/pages\/12904\/revisions"}],"predecessor-version":[{"id":123036,"href":"https:\/\/www.neptune.gr\/de\/wp-json\/wp\/v2\/pages\/12904\/revisions\/123036"}],"up":[{"embeddable":true,"href":"https:\/\/www.neptune.gr\/de\/wp-json\/wp\/v2\/pages\/12977"}],"wp:attachment":[{"href":"https:\/\/www.neptune.gr\/de\/wp-json\/wp\/v2\/media?parent=12904"}],"curies":[{"name":"wp","href":"https:\/\/api.w.org\/{rel}","templated":true}]}}