{"id":12483,"date":"2023-02-20T17:03:56","date_gmt":"2023-02-20T15:03:56","guid":{"rendered":"https:\/\/www.neptune.gr\/?page_id=12483"},"modified":"2023-04-26T16:03:16","modified_gmt":"2023-04-26T13:03:16","slug":"village-pool","status":"publish","type":"page","link":"https:\/\/www.neptune.gr\/de\/pools-and-beach\/village-pool\/","title":{"rendered":"Village Pool"},"content":{"rendered":"","protected":false},"excerpt":{"rendered":"","protected":false},"author":1,"featured_media":121436,"parent":12596,"menu_order":103,"comment_status":"closed","ping_status":"closed","template":"templates\/dining.php","meta":{"_acf_changed":false,"inline_featured_image":false,"footnotes":""},"class_list":["post-12483","page","type-page","status-publish","has-post-thumbnail","hentry"],"acf":[],"yoast_head":"<!-- This site is optimized with the Yoast SEO plugin v26.6 - https:\/\/yoast.com\/wordpress\/plugins\/seo\/ -->\n<title>Village Pool | Neptune Luxury Resort<\/title>\n<meta name=\"description\" content=\"Nur ein paar Schritte vom Strand entfernt, mit herrlichem Panoramablick auf das \u00c4g\u00e4ische Meer und einer Auswahl herrlich bequemer Sonnenliegen ist dies das ideale Pl\u00e4tzchen, um einen zutiefst erholsamen Sommertag zu verbringen.\" \/>\n<meta name=\"robots\" content=\"index, follow, max-snippet:-1, max-image-preview:large, max-video-preview:-1\" \/>\n<link rel=\"canonical\" href=\"https:\/\/www.neptune.gr\/de\/pools-and-beach\/village-pool\/\" \/>\n<meta property=\"og:locale\" content=\"de_DE\" \/>\n<meta property=\"og:type\" content=\"article\" \/>\n<meta property=\"og:title\" content=\"Village Pool | Neptune Luxury Resort\" \/>\n<meta property=\"og:description\" content=\"Nur ein paar Schritte vom Strand entfernt, mit herrlichem Panoramablick auf das \u00c4g\u00e4ische Meer und einer Auswahl herrlich bequemer Sonnenliegen ist dies das ideale Pl\u00e4tzchen, um einen zutiefst erholsamen Sommertag zu verbringen.\" \/>\n<meta property=\"og:url\" content=\"https:\/\/www.neptune.gr\/de\/pools-and-beach\/village-pool\/\" \/>\n<meta property=\"og:site_name\" content=\"Neptune Luxury Resort\" \/>\n<meta property=\"article:publisher\" content=\"https:\/\/www.facebook.com\/NeptuneHotelsKos\/\" \/>\n<meta property=\"article:modified_time\" content=\"2023-04-26T13:03:16+00:00\" \/>\n<meta property=\"og:image\" content=\"https:\/\/www.neptune.gr\/wp-content\/uploads\/2023\/02\/village-pool-for-gallery.jpg\" \/>\n\t<meta property=\"og:image:width\" content=\"1100\" \/>\n\t<meta property=\"og:image:height\" content=\"600\" \/>\n\t<meta property=\"og:image:type\" content=\"image\/jpeg\" \/>\n<meta name=\"twitter:card\" content=\"summary_large_image\" \/>\n<script type=\"application\/ld+json\" class=\"yoast-schema-graph\">{\"@context\":\"https:\/\/schema.org\",\"@graph\":[{\"@type\":\"WebPage\",\"@id\":\"https:\/\/www.neptune.gr\/de\/pools-and-beach\/village-pool\/\",\"url\":\"https:\/\/www.neptune.gr\/de\/pools-and-beach\/village-pool\/\",\"name\":\"Village Pool | Neptune Luxury Resort\",\"isPartOf\":{\"@id\":\"https:\/\/www.neptune.gr\/de\/#website\"},\"primaryImageOfPage\":{\"@id\":\"https:\/\/www.neptune.gr\/de\/pools-and-beach\/village-pool\/#primaryimage\"},\"image\":{\"@id\":\"https:\/\/www.neptune.gr\/de\/pools-and-beach\/village-pool\/#primaryimage\"},\"thumbnailUrl\":\"https:\/\/www.neptune.gr\/wp-content\/uploads\/2025\/07\/village-pool-featured-image-scaled.jpg\",\"datePublished\":\"2023-02-20T15:03:56+00:00\",\"dateModified\":\"2023-04-26T13:03:16+00:00\",\"description\":\"Nur ein paar Schritte vom Strand entfernt, mit herrlichem Panoramablick auf das \u00c4g\u00e4ische Meer und einer Auswahl herrlich bequemer Sonnenliegen ist dies das ideale Pl\u00e4tzchen, um einen zutiefst erholsamen Sommertag zu verbringen.\",\"breadcrumb\":{\"@id\":\"https:\/\/www.neptune.gr\/de\/pools-and-beach\/village-pool\/#breadcrumb\"},\"inLanguage\":\"de-DE\",\"potentialAction\":[{\"@type\":\"ReadAction\",\"target\":[\"https:\/\/www.neptune.gr\/de\/pools-and-beach\/village-pool\/\"]}]},{\"@type\":\"ImageObject\",\"inLanguage\":\"de-DE\",\"@id\":\"https:\/\/www.neptune.gr\/de\/pools-and-beach\/village-pool\/#primaryimage\",\"url\":\"https:\/\/www.neptune.gr\/wp-content\/uploads\/2025\/07\/village-pool-featured-image-scaled.jpg\",\"contentUrl\":\"https:\/\/www.neptune.gr\/wp-content\/uploads\/2025\/07\/village-pool-featured-image-scaled.jpg\",\"width\":2560,\"height\":1397},{\"@type\":\"BreadcrumbList\",\"@id\":\"https:\/\/www.neptune.gr\/de\/pools-and-beach\/village-pool\/#breadcrumb\",\"itemListElement\":[{\"@type\":\"ListItem\",\"position\":1,\"name\":\"Home\",\"item\":\"https:\/\/www.neptune.gr\/de\/\"},{\"@type\":\"ListItem\",\"position\":2,\"name\":\"Pools &#038; Strand\",\"item\":\"https:\/\/www.neptune.gr\/de\/pools-and-beach\/\"},{\"@type\":\"ListItem\",\"position\":3,\"name\":\"Village Pool\"}]},{\"@type\":\"WebSite\",\"@id\":\"https:\/\/www.neptune.gr\/de\/#website\",\"url\":\"https:\/\/www.neptune.gr\/de\/\",\"name\":\"Neptune Luxury Resort\",\"description\":\"\",\"publisher\":{\"@id\":\"https:\/\/www.neptune.gr\/de\/#organization\"},\"alternateName\":\"Neptune\",\"potentialAction\":[{\"@type\":\"SearchAction\",\"target\":{\"@type\":\"EntryPoint\",\"urlTemplate\":\"https:\/\/www.neptune.gr\/de\/?s={search_term_string}\"},\"query-input\":{\"@type\":\"PropertyValueSpecification\",\"valueRequired\":true,\"valueName\":\"search_term_string\"}}],\"inLanguage\":\"de-DE\"},{\"@type\":\"Organization\",\"@id\":\"https:\/\/www.neptune.gr\/de\/#organization\",\"name\":\"Neptune Luxury Resort\",\"alternateName\":\"Neptune\",\"url\":\"https:\/\/www.neptune.gr\/de\/\",\"logo\":{\"@type\":\"ImageObject\",\"inLanguage\":\"de-DE\",\"@id\":\"https:\/\/www.neptune.gr\/de\/#\/schema\/logo\/image\/\",\"url\":\"https:\/\/www.neptune.gr\/wp-content\/uploads\/2023\/04\/positive-logo-rgb-light.jpg\",\"contentUrl\":\"https:\/\/www.neptune.gr\/wp-content\/uploads\/2023\/04\/positive-logo-rgb-light.jpg\",\"width\":775,\"height\":600,\"caption\":\"Neptune Luxury Resort\"},\"image\":{\"@id\":\"https:\/\/www.neptune.gr\/de\/#\/schema\/logo\/image\/\"},\"sameAs\":[\"https:\/\/www.facebook.com\/NeptuneHotelsKos\/\",\"https:\/\/www.instagram.com\/neptunehotels\/\",\"https:\/\/www.linkedin.com\/company\/neptunehotelskos\/\"]}]}<\/script>\n<!-- \/ Yoast SEO plugin. -->","yoast_head_json":{"title":"Village Pool | Neptune Luxury Resort","description":"Nur ein paar Schritte vom Strand entfernt, mit herrlichem Panoramablick auf das \u00c4g\u00e4ische Meer und einer Auswahl herrlich bequemer Sonnenliegen ist dies das ideale Pl\u00e4tzchen, um einen zutiefst erholsamen Sommertag zu verbringen.","robots":{"index":"index","follow":"follow","max-snippet":"max-snippet:-1","max-image-preview":"max-image-preview:large","max-video-preview":"max-video-preview:-1"},"canonical":"https:\/\/www.neptune.gr\/de\/pools-and-beach\/village-pool\/","og_locale":"de_DE","og_type":"article","og_title":"Village Pool | Neptune Luxury Resort","og_description":"Nur ein paar Schritte vom Strand entfernt, mit herrlichem Panoramablick auf das \u00c4g\u00e4ische Meer und einer Auswahl herrlich bequemer Sonnenliegen ist dies das ideale Pl\u00e4tzchen, um einen zutiefst erholsamen Sommertag zu verbringen.","og_url":"https:\/\/www.neptune.gr\/de\/pools-and-beach\/village-pool\/","og_site_name":"Neptune Luxury Resort","article_publisher":"https:\/\/www.facebook.com\/NeptuneHotelsKos\/","article_modified_time":"2023-04-26T13:03:16+00:00","og_image":[{"width":1100,"height":600,"url":"https:\/\/www.neptune.gr\/wp-content\/uploads\/2023\/02\/village-pool-for-gallery.jpg","type":"image\/jpeg"}],"twitter_card":"summary_large_image","schema":{"@context":"https:\/\/schema.org","@graph":[{"@type":"WebPage","@id":"https:\/\/www.neptune.gr\/de\/pools-and-beach\/village-pool\/","url":"https:\/\/www.neptune.gr\/de\/pools-and-beach\/village-pool\/","name":"Village Pool | Neptune Luxury Resort","isPartOf":{"@id":"https:\/\/www.neptune.gr\/de\/#website"},"primaryImageOfPage":{"@id":"https:\/\/www.neptune.gr\/de\/pools-and-beach\/village-pool\/#primaryimage"},"image":{"@id":"https:\/\/www.neptune.gr\/de\/pools-and-beach\/village-pool\/#primaryimage"},"thumbnailUrl":"https:\/\/www.neptune.gr\/wp-content\/uploads\/2025\/07\/village-pool-featured-image-scaled.jpg","datePublished":"2023-02-20T15:03:56+00:00","dateModified":"2023-04-26T13:03:16+00:00","description":"Nur ein paar Schritte vom Strand entfernt, mit herrlichem Panoramablick auf das \u00c4g\u00e4ische Meer und einer Auswahl herrlich bequemer Sonnenliegen ist dies das ideale Pl\u00e4tzchen, um einen zutiefst erholsamen Sommertag zu verbringen.","breadcrumb":{"@id":"https:\/\/www.neptune.gr\/de\/pools-and-beach\/village-pool\/#breadcrumb"},"inLanguage":"de-DE","potentialAction":[{"@type":"ReadAction","target":["https:\/\/www.neptune.gr\/de\/pools-and-beach\/village-pool\/"]}]},{"@type":"ImageObject","inLanguage":"de-DE","@id":"https:\/\/www.neptune.gr\/de\/pools-and-beach\/village-pool\/#primaryimage","url":"https:\/\/www.neptune.gr\/wp-content\/uploads\/2025\/07\/village-pool-featured-image-scaled.jpg","contentUrl":"https:\/\/www.neptune.gr\/wp-content\/uploads\/2025\/07\/village-pool-featured-image-scaled.jpg","width":2560,"height":1397},{"@type":"BreadcrumbList","@id":"https:\/\/www.neptune.gr\/de\/pools-and-beach\/village-pool\/#breadcrumb","itemListElement":[{"@type":"ListItem","position":1,"name":"Home","item":"https:\/\/www.neptune.gr\/de\/"},{"@type":"ListItem","position":2,"name":"Pools &#038; Strand","item":"https:\/\/www.neptune.gr\/de\/pools-and-beach\/"},{"@type":"ListItem","position":3,"name":"Village Pool"}]},{"@type":"WebSite","@id":"https:\/\/www.neptune.gr\/de\/#website","url":"https:\/\/www.neptune.gr\/de\/","name":"Neptune Luxury Resort","description":"","publisher":{"@id":"https:\/\/www.neptune.gr\/de\/#organization"},"alternateName":"Neptune","potentialAction":[{"@type":"SearchAction","target":{"@type":"EntryPoint","urlTemplate":"https:\/\/www.neptune.gr\/de\/?s={search_term_string}"},"query-input":{"@type":"PropertyValueSpecification","valueRequired":true,"valueName":"search_term_string"}}],"inLanguage":"de-DE"},{"@type":"Organization","@id":"https:\/\/www.neptune.gr\/de\/#organization","name":"Neptune Luxury Resort","alternateName":"Neptune","url":"https:\/\/www.neptune.gr\/de\/","logo":{"@type":"ImageObject","inLanguage":"de-DE","@id":"https:\/\/www.neptune.gr\/de\/#\/schema\/logo\/image\/","url":"https:\/\/www.neptune.gr\/wp-content\/uploads\/2023\/04\/positive-logo-rgb-light.jpg","contentUrl":"https:\/\/www.neptune.gr\/wp-content\/uploads\/2023\/04\/positive-logo-rgb-light.jpg","width":775,"height":600,"caption":"Neptune Luxury Resort"},"image":{"@id":"https:\/\/www.neptune.gr\/de\/#\/schema\/logo\/image\/"},"sameAs":["https:\/\/www.facebook.com\/NeptuneHotelsKos\/","https:\/\/www.instagram.com\/neptunehotels\/","https:\/\/www.linkedin.com\/company\/neptunehotelskos\/"]}]}},"_links":{"self":[{"href":"https:\/\/www.neptune.gr\/de\/wp-json\/wp\/v2\/pages\/12483","targetHints":{"allow":["GET"]}}],"collection":[{"href":"https:\/\/www.neptune.gr\/de\/wp-json\/wp\/v2\/pages"}],"about":[{"href":"https:\/\/www.neptune.gr\/de\/wp-json\/wp\/v2\/types\/page"}],"author":[{"embeddable":true,"href":"https:\/\/www.neptune.gr\/de\/wp-json\/wp\/v2\/users\/1"}],"replies":[{"embeddable":true,"href":"https:\/\/www.neptune.gr\/de\/wp-json\/wp\/v2\/comments?post=12483"}],"version-history":[{"count":5,"href":"https:\/\/www.neptune.gr\/de\/wp-json\/wp\/v2\/pages\/12483\/revisions"}],"predecessor-version":[{"id":94722,"href":"https:\/\/www.neptune.gr\/de\/wp-json\/wp\/v2\/pages\/12483\/revisions\/94722"}],"up":[{"embeddable":true,"href":"https:\/\/www.neptune.gr\/de\/wp-json\/wp\/v2\/pages\/12596"}],"wp:featuredmedia":[{"embeddable":true,"href":"https:\/\/www.neptune.gr\/de\/wp-json\/wp\/v2\/media\/121436"}],"wp:attachment":[{"href":"https:\/\/www.neptune.gr\/de\/wp-json\/wp\/v2\/media?parent=12483"}],"curies":[{"name":"wp","href":"https:\/\/api.w.org\/{rel}","templated":true}]}}