{"id":12419,"date":"2023-02-20T16:42:44","date_gmt":"2023-02-20T14:42:44","guid":{"rendered":"https:\/\/www.neptune.gr\/?page_id=12419"},"modified":"2023-04-26T15:56:40","modified_gmt":"2023-04-26T12:56:40","slug":"residence-pool","status":"publish","type":"page","link":"https:\/\/www.neptune.gr\/de\/pools-and-beach\/residence-pool\/","title":{"rendered":"Residence Pool"},"content":{"rendered":"","protected":false},"excerpt":{"rendered":"","protected":false},"author":1,"featured_media":121385,"parent":12596,"menu_order":92,"comment_status":"closed","ping_status":"closed","template":"templates\/dining.php","meta":{"_acf_changed":false,"inline_featured_image":false,"footnotes":""},"class_list":["post-12419","page","type-page","status-publish","has-post-thumbnail","hentry"],"acf":[],"yoast_head":"<!-- This site is optimized with the Yoast SEO plugin v26.6 - https:\/\/yoast.com\/wordpress\/plugins\/seo\/ -->\n<title>Residence Pool | Neptune Luxury Resort<\/title>\n<meta name=\"description\" content=\"Hier schl\u00e4gt das Herz unseres Resorts \u2013 dieser Pool ist optimal ausgerichtet, um den ganzen Tag lang die Sonnenstrahlen f\u00fcr Sie einzufangen; au\u00dferdem genie\u00dfen Sie die wundersch\u00f6ne Kulisse.\" \/>\n<meta name=\"robots\" content=\"index, follow, max-snippet:-1, max-image-preview:large, max-video-preview:-1\" \/>\n<link rel=\"canonical\" href=\"https:\/\/www.neptune.gr\/de\/pools-and-beach\/residence-pool\/\" \/>\n<meta property=\"og:locale\" content=\"de_DE\" \/>\n<meta property=\"og:type\" content=\"article\" \/>\n<meta property=\"og:title\" content=\"Residence Pool | Neptune Luxury Resort\" \/>\n<meta property=\"og:description\" content=\"Hier schl\u00e4gt das Herz unseres Resorts \u2013 dieser Pool ist optimal ausgerichtet, um den ganzen Tag lang die Sonnenstrahlen f\u00fcr Sie einzufangen; au\u00dferdem genie\u00dfen Sie die wundersch\u00f6ne Kulisse.\" \/>\n<meta property=\"og:url\" content=\"https:\/\/www.neptune.gr\/de\/pools-and-beach\/residence-pool\/\" \/>\n<meta property=\"og:site_name\" content=\"Neptune Luxury Resort\" \/>\n<meta property=\"article:publisher\" content=\"https:\/\/www.facebook.com\/NeptuneHotelsKos\/\" \/>\n<meta property=\"article:modified_time\" content=\"2023-04-26T12:56:40+00:00\" \/>\n<meta property=\"og:image\" content=\"https:\/\/www.neptune.gr\/wp-content\/uploads\/2023\/04\/neptune-kos261-2.jpg\" \/>\n\t<meta property=\"og:image:width\" content=\"1100\" \/>\n\t<meta property=\"og:image:height\" content=\"600\" \/>\n\t<meta property=\"og:image:type\" content=\"image\/jpeg\" \/>\n<meta name=\"twitter:card\" content=\"summary_large_image\" \/>\n<script type=\"application\/ld+json\" class=\"yoast-schema-graph\">{\"@context\":\"https:\/\/schema.org\",\"@graph\":[{\"@type\":\"WebPage\",\"@id\":\"https:\/\/www.neptune.gr\/de\/pools-and-beach\/residence-pool\/\",\"url\":\"https:\/\/www.neptune.gr\/de\/pools-and-beach\/residence-pool\/\",\"name\":\"Residence Pool | Neptune Luxury Resort\",\"isPartOf\":{\"@id\":\"https:\/\/www.neptune.gr\/de\/#website\"},\"primaryImageOfPage\":{\"@id\":\"https:\/\/www.neptune.gr\/de\/pools-and-beach\/residence-pool\/#primaryimage\"},\"image\":{\"@id\":\"https:\/\/www.neptune.gr\/de\/pools-and-beach\/residence-pool\/#primaryimage\"},\"thumbnailUrl\":\"https:\/\/www.neptune.gr\/wp-content\/uploads\/2025\/07\/residence-pool-featured-image-scaled.jpg\",\"datePublished\":\"2023-02-20T14:42:44+00:00\",\"dateModified\":\"2023-04-26T12:56:40+00:00\",\"description\":\"Hier schl\u00e4gt das Herz unseres Resorts \u2013 dieser Pool ist optimal ausgerichtet, um den ganzen Tag lang die Sonnenstrahlen f\u00fcr Sie einzufangen; au\u00dferdem genie\u00dfen Sie die wundersch\u00f6ne Kulisse.\",\"breadcrumb\":{\"@id\":\"https:\/\/www.neptune.gr\/de\/pools-and-beach\/residence-pool\/#breadcrumb\"},\"inLanguage\":\"de-DE\",\"potentialAction\":[{\"@type\":\"ReadAction\",\"target\":[\"https:\/\/www.neptune.gr\/de\/pools-and-beach\/residence-pool\/\"]}]},{\"@type\":\"ImageObject\",\"inLanguage\":\"de-DE\",\"@id\":\"https:\/\/www.neptune.gr\/de\/pools-and-beach\/residence-pool\/#primaryimage\",\"url\":\"https:\/\/www.neptune.gr\/wp-content\/uploads\/2025\/07\/residence-pool-featured-image-scaled.jpg\",\"contentUrl\":\"https:\/\/www.neptune.gr\/wp-content\/uploads\/2025\/07\/residence-pool-featured-image-scaled.jpg\",\"width\":2560,\"height\":1397},{\"@type\":\"BreadcrumbList\",\"@id\":\"https:\/\/www.neptune.gr\/de\/pools-and-beach\/residence-pool\/#breadcrumb\",\"itemListElement\":[{\"@type\":\"ListItem\",\"position\":1,\"name\":\"Home\",\"item\":\"https:\/\/www.neptune.gr\/de\/\"},{\"@type\":\"ListItem\",\"position\":2,\"name\":\"Pools &#038; Strand\",\"item\":\"https:\/\/www.neptune.gr\/de\/pools-and-beach\/\"},{\"@type\":\"ListItem\",\"position\":3,\"name\":\"Residence Pool\"}]},{\"@type\":\"WebSite\",\"@id\":\"https:\/\/www.neptune.gr\/de\/#website\",\"url\":\"https:\/\/www.neptune.gr\/de\/\",\"name\":\"Neptune Luxury Resort\",\"description\":\"\",\"publisher\":{\"@id\":\"https:\/\/www.neptune.gr\/de\/#organization\"},\"alternateName\":\"Neptune\",\"potentialAction\":[{\"@type\":\"SearchAction\",\"target\":{\"@type\":\"EntryPoint\",\"urlTemplate\":\"https:\/\/www.neptune.gr\/de\/?s={search_term_string}\"},\"query-input\":{\"@type\":\"PropertyValueSpecification\",\"valueRequired\":true,\"valueName\":\"search_term_string\"}}],\"inLanguage\":\"de-DE\"},{\"@type\":\"Organization\",\"@id\":\"https:\/\/www.neptune.gr\/de\/#organization\",\"name\":\"Neptune Luxury Resort\",\"alternateName\":\"Neptune\",\"url\":\"https:\/\/www.neptune.gr\/de\/\",\"logo\":{\"@type\":\"ImageObject\",\"inLanguage\":\"de-DE\",\"@id\":\"https:\/\/www.neptune.gr\/de\/#\/schema\/logo\/image\/\",\"url\":\"https:\/\/www.neptune.gr\/wp-content\/uploads\/2023\/04\/positive-logo-rgb-light.jpg\",\"contentUrl\":\"https:\/\/www.neptune.gr\/wp-content\/uploads\/2023\/04\/positive-logo-rgb-light.jpg\",\"width\":775,\"height\":600,\"caption\":\"Neptune Luxury Resort\"},\"image\":{\"@id\":\"https:\/\/www.neptune.gr\/de\/#\/schema\/logo\/image\/\"},\"sameAs\":[\"https:\/\/www.facebook.com\/NeptuneHotelsKos\/\",\"https:\/\/www.instagram.com\/neptunehotels\/\",\"https:\/\/www.linkedin.com\/company\/neptunehotelskos\/\"]}]}<\/script>\n<!-- \/ Yoast SEO plugin. -->","yoast_head_json":{"title":"Residence Pool | Neptune Luxury Resort","description":"Hier schl\u00e4gt das Herz unseres Resorts \u2013 dieser Pool ist optimal ausgerichtet, um den ganzen Tag lang die Sonnenstrahlen f\u00fcr Sie einzufangen; au\u00dferdem genie\u00dfen Sie die wundersch\u00f6ne Kulisse.","robots":{"index":"index","follow":"follow","max-snippet":"max-snippet:-1","max-image-preview":"max-image-preview:large","max-video-preview":"max-video-preview:-1"},"canonical":"https:\/\/www.neptune.gr\/de\/pools-and-beach\/residence-pool\/","og_locale":"de_DE","og_type":"article","og_title":"Residence Pool | Neptune Luxury Resort","og_description":"Hier schl\u00e4gt das Herz unseres Resorts \u2013 dieser Pool ist optimal ausgerichtet, um den ganzen Tag lang die Sonnenstrahlen f\u00fcr Sie einzufangen; au\u00dferdem genie\u00dfen Sie die wundersch\u00f6ne Kulisse.","og_url":"https:\/\/www.neptune.gr\/de\/pools-and-beach\/residence-pool\/","og_site_name":"Neptune Luxury Resort","article_publisher":"https:\/\/www.facebook.com\/NeptuneHotelsKos\/","article_modified_time":"2023-04-26T12:56:40+00:00","og_image":[{"width":1100,"height":600,"url":"https:\/\/www.neptune.gr\/wp-content\/uploads\/2023\/04\/neptune-kos261-2.jpg","type":"image\/jpeg"}],"twitter_card":"summary_large_image","schema":{"@context":"https:\/\/schema.org","@graph":[{"@type":"WebPage","@id":"https:\/\/www.neptune.gr\/de\/pools-and-beach\/residence-pool\/","url":"https:\/\/www.neptune.gr\/de\/pools-and-beach\/residence-pool\/","name":"Residence Pool | Neptune Luxury Resort","isPartOf":{"@id":"https:\/\/www.neptune.gr\/de\/#website"},"primaryImageOfPage":{"@id":"https:\/\/www.neptune.gr\/de\/pools-and-beach\/residence-pool\/#primaryimage"},"image":{"@id":"https:\/\/www.neptune.gr\/de\/pools-and-beach\/residence-pool\/#primaryimage"},"thumbnailUrl":"https:\/\/www.neptune.gr\/wp-content\/uploads\/2025\/07\/residence-pool-featured-image-scaled.jpg","datePublished":"2023-02-20T14:42:44+00:00","dateModified":"2023-04-26T12:56:40+00:00","description":"Hier schl\u00e4gt das Herz unseres Resorts \u2013 dieser Pool ist optimal ausgerichtet, um den ganzen Tag lang die Sonnenstrahlen f\u00fcr Sie einzufangen; au\u00dferdem genie\u00dfen Sie die wundersch\u00f6ne Kulisse.","breadcrumb":{"@id":"https:\/\/www.neptune.gr\/de\/pools-and-beach\/residence-pool\/#breadcrumb"},"inLanguage":"de-DE","potentialAction":[{"@type":"ReadAction","target":["https:\/\/www.neptune.gr\/de\/pools-and-beach\/residence-pool\/"]}]},{"@type":"ImageObject","inLanguage":"de-DE","@id":"https:\/\/www.neptune.gr\/de\/pools-and-beach\/residence-pool\/#primaryimage","url":"https:\/\/www.neptune.gr\/wp-content\/uploads\/2025\/07\/residence-pool-featured-image-scaled.jpg","contentUrl":"https:\/\/www.neptune.gr\/wp-content\/uploads\/2025\/07\/residence-pool-featured-image-scaled.jpg","width":2560,"height":1397},{"@type":"BreadcrumbList","@id":"https:\/\/www.neptune.gr\/de\/pools-and-beach\/residence-pool\/#breadcrumb","itemListElement":[{"@type":"ListItem","position":1,"name":"Home","item":"https:\/\/www.neptune.gr\/de\/"},{"@type":"ListItem","position":2,"name":"Pools &#038; Strand","item":"https:\/\/www.neptune.gr\/de\/pools-and-beach\/"},{"@type":"ListItem","position":3,"name":"Residence Pool"}]},{"@type":"WebSite","@id":"https:\/\/www.neptune.gr\/de\/#website","url":"https:\/\/www.neptune.gr\/de\/","name":"Neptune Luxury Resort","description":"","publisher":{"@id":"https:\/\/www.neptune.gr\/de\/#organization"},"alternateName":"Neptune","potentialAction":[{"@type":"SearchAction","target":{"@type":"EntryPoint","urlTemplate":"https:\/\/www.neptune.gr\/de\/?s={search_term_string}"},"query-input":{"@type":"PropertyValueSpecification","valueRequired":true,"valueName":"search_term_string"}}],"inLanguage":"de-DE"},{"@type":"Organization","@id":"https:\/\/www.neptune.gr\/de\/#organization","name":"Neptune Luxury Resort","alternateName":"Neptune","url":"https:\/\/www.neptune.gr\/de\/","logo":{"@type":"ImageObject","inLanguage":"de-DE","@id":"https:\/\/www.neptune.gr\/de\/#\/schema\/logo\/image\/","url":"https:\/\/www.neptune.gr\/wp-content\/uploads\/2023\/04\/positive-logo-rgb-light.jpg","contentUrl":"https:\/\/www.neptune.gr\/wp-content\/uploads\/2023\/04\/positive-logo-rgb-light.jpg","width":775,"height":600,"caption":"Neptune Luxury Resort"},"image":{"@id":"https:\/\/www.neptune.gr\/de\/#\/schema\/logo\/image\/"},"sameAs":["https:\/\/www.facebook.com\/NeptuneHotelsKos\/","https:\/\/www.instagram.com\/neptunehotels\/","https:\/\/www.linkedin.com\/company\/neptunehotelskos\/"]}]}},"_links":{"self":[{"href":"https:\/\/www.neptune.gr\/de\/wp-json\/wp\/v2\/pages\/12419","targetHints":{"allow":["GET"]}}],"collection":[{"href":"https:\/\/www.neptune.gr\/de\/wp-json\/wp\/v2\/pages"}],"about":[{"href":"https:\/\/www.neptune.gr\/de\/wp-json\/wp\/v2\/types\/page"}],"author":[{"embeddable":true,"href":"https:\/\/www.neptune.gr\/de\/wp-json\/wp\/v2\/users\/1"}],"replies":[{"embeddable":true,"href":"https:\/\/www.neptune.gr\/de\/wp-json\/wp\/v2\/comments?post=12419"}],"version-history":[{"count":5,"href":"https:\/\/www.neptune.gr\/de\/wp-json\/wp\/v2\/pages\/12419\/revisions"}],"predecessor-version":[{"id":94719,"href":"https:\/\/www.neptune.gr\/de\/wp-json\/wp\/v2\/pages\/12419\/revisions\/94719"}],"up":[{"embeddable":true,"href":"https:\/\/www.neptune.gr\/de\/wp-json\/wp\/v2\/pages\/12596"}],"wp:featuredmedia":[{"embeddable":true,"href":"https:\/\/www.neptune.gr\/de\/wp-json\/wp\/v2\/media\/121385"}],"wp:attachment":[{"href":"https:\/\/www.neptune.gr\/de\/wp-json\/wp\/v2\/media?parent=12419"}],"curies":[{"name":"wp","href":"https:\/\/api.w.org\/{rel}","templated":true}]}}