{"id":118211,"date":"2025-03-13T11:20:13","date_gmt":"2025-03-13T09:20:13","guid":{"rendered":"https:\/\/www.neptune.gr\/?page_id=118211"},"modified":"2025-03-13T11:20:13","modified_gmt":"2025-03-13T09:20:13","slug":"whistleblowing","status":"publish","type":"page","link":"https:\/\/www.neptune.gr\/de\/whistleblowing\/","title":{"rendered":"Whistleblowing"},"content":{"rendered":"<h2>Whistleblowing (G.4990\/2022) \u2013 Zust\u00e4ndiger f\u00fcr den Empfang und den Schutz von Meldungen<\/h2>\n<p>Unsere Gesellschaft bem\u00fcht sich stets darum, dass sie ein Klima von Vertrauen und Transparenz, sowie auch hohe Standards von Unternehmensethik in ihrem allt\u00e4glichen Handeln bewahrt und f\u00f6rdert. Wir legen gro\u00dfen Wert auf die Sicherheit und die Ehre aller derjenigen Personen, die durch unsere Handlungen und Aktivit\u00e4ten beeinflusst werden. Mit Engagement und zielend nicht nur auf die Einhaltung des Rechtes (nach dem Gesetz 4990\/2022 \u2013 zum Schutz von Personen, die Verst\u00f6\u00dfe gegen das Unionsrecht melden) sondern auch auf die Schaffung und die F\u00f6rderung eines sicheren Umfeldes zur Einreichung einer Meldung haben wir ein internes Meldeverfahren-System in Bezug auf konkrete wichtige Angelegenheiten erstellt, die auf dem Anwendungsbereich des obigen Gesetzes basieren und unsere Gesellschaft betreffen.<\/p>\n<h2>Arten der Einreichung einer vertraulichen Meldung<\/h2>\n<p>Es werden folgende M\u00f6glichkeiten (Kan\u00e4le) zur Einreichung einer Meldung zur Verf\u00fcgung gestellt:<br \/>\n\u2022 per E-Mail, unter der E-Mail-Adresse <a href=\"mailto:whistleblowing@neptune.gr\">whistleblowing@neptune.gr<\/a>.<br \/>\n\u2022 telefonisch, unter der Nummer +30 22420 58900, indem Sie sich an den Zust\u00e4ndigen f\u00fcr den Empfang und den Schutz von Meldungen wenden.<br \/>\n\u2022 per Post, unter der Adresse des Sitzes der Gesellschaft, Mastichari, Insel Kos, PLZ 85302, an den Zust\u00e4ndigen f\u00fcr den Empfang und den Schutz von Meldungen.<\/p>\n","protected":false},"excerpt":{"rendered":"<p>Whistleblowing (G.4990\/2022) \u2013 Zust\u00e4ndiger f\u00fcr den Empfang und den Schutz von Meldungen Unsere Gesellschaft bem\u00fcht sich stets darum, dass sie ein Klima von Vertrauen und Transparenz, sowie auch hohe Standards von Unternehmensethik in ihrem allt\u00e4glichen Handeln bewahrt und f\u00f6rdert. Wir legen gro\u00dfen Wert auf die Sicherheit und die Ehre aller derjenigen Personen, die durch unsere [&hellip;]<\/p>\n","protected":false},"author":3,"featured_media":0,"parent":0,"menu_order":276,"comment_status":"closed","ping_status":"closed","template":"templates\/article.php","meta":{"_acf_changed":false,"inline_featured_image":false,"footnotes":""},"class_list":["post-118211","page","type-page","status-publish","hentry"],"acf":[],"yoast_head":"<!-- This site is optimized with the Yoast SEO plugin v26.6 - https:\/\/yoast.com\/wordpress\/plugins\/seo\/ -->\n<title>Whistleblowing | Neptune Luxury Resort<\/title>\n<meta name=\"robots\" content=\"index, follow, max-snippet:-1, max-image-preview:large, max-video-preview:-1\" \/>\n<link rel=\"canonical\" href=\"https:\/\/www.neptune.gr\/de\/whistleblowing\/\" \/>\n<meta property=\"og:locale\" content=\"de_DE\" \/>\n<meta property=\"og:type\" content=\"article\" \/>\n<meta property=\"og:title\" content=\"Whistleblowing | Neptune Luxury Resort\" \/>\n<meta property=\"og:description\" content=\"Whistleblowing (G.4990\/2022) \u2013 Zust\u00e4ndiger f\u00fcr den Empfang und den Schutz von Meldungen Unsere Gesellschaft bem\u00fcht sich stets darum, dass sie ein Klima von Vertrauen und Transparenz, sowie auch hohe Standards von Unternehmensethik in ihrem allt\u00e4glichen Handeln bewahrt und f\u00f6rdert. Wir legen gro\u00dfen Wert auf die Sicherheit und die Ehre aller derjenigen Personen, die durch unsere [&hellip;]\" \/>\n<meta property=\"og:url\" content=\"https:\/\/www.neptune.gr\/de\/whistleblowing\/\" \/>\n<meta property=\"og:site_name\" content=\"Neptune Luxury Resort\" \/>\n<meta property=\"article:publisher\" content=\"https:\/\/www.facebook.com\/NeptuneHotelsKos\/\" \/>\n<meta property=\"og:image\" content=\"https:\/\/www.neptune.gr\/wp-content\/uploads\/2023\/04\/neptune_signature_image.jpg\" \/>\n\t<meta property=\"og:image:width\" content=\"1200\" \/>\n\t<meta property=\"og:image:height\" content=\"675\" \/>\n\t<meta property=\"og:image:type\" content=\"image\/jpeg\" \/>\n<meta name=\"twitter:card\" content=\"summary_large_image\" \/>\n<script type=\"application\/ld+json\" class=\"yoast-schema-graph\">{\"@context\":\"https:\/\/schema.org\",\"@graph\":[{\"@type\":\"WebPage\",\"@id\":\"https:\/\/www.neptune.gr\/de\/whistleblowing\/\",\"url\":\"https:\/\/www.neptune.gr\/de\/whistleblowing\/\",\"name\":\"Whistleblowing | Neptune Luxury Resort\",\"isPartOf\":{\"@id\":\"https:\/\/www.neptune.gr\/de\/#website\"},\"datePublished\":\"2025-03-13T09:20:13+00:00\",\"breadcrumb\":{\"@id\":\"https:\/\/www.neptune.gr\/de\/whistleblowing\/#breadcrumb\"},\"inLanguage\":\"de-DE\",\"potentialAction\":[{\"@type\":\"ReadAction\",\"target\":[\"https:\/\/www.neptune.gr\/de\/whistleblowing\/\"]}]},{\"@type\":\"BreadcrumbList\",\"@id\":\"https:\/\/www.neptune.gr\/de\/whistleblowing\/#breadcrumb\",\"itemListElement\":[{\"@type\":\"ListItem\",\"position\":1,\"name\":\"Home\",\"item\":\"https:\/\/www.neptune.gr\/de\/\"},{\"@type\":\"ListItem\",\"position\":2,\"name\":\"Whistleblowing\"}]},{\"@type\":\"WebSite\",\"@id\":\"https:\/\/www.neptune.gr\/de\/#website\",\"url\":\"https:\/\/www.neptune.gr\/de\/\",\"name\":\"Neptune Luxury Resort\",\"description\":\"\",\"publisher\":{\"@id\":\"https:\/\/www.neptune.gr\/de\/#organization\"},\"alternateName\":\"Neptune\",\"potentialAction\":[{\"@type\":\"SearchAction\",\"target\":{\"@type\":\"EntryPoint\",\"urlTemplate\":\"https:\/\/www.neptune.gr\/de\/?s={search_term_string}\"},\"query-input\":{\"@type\":\"PropertyValueSpecification\",\"valueRequired\":true,\"valueName\":\"search_term_string\"}}],\"inLanguage\":\"de-DE\"},{\"@type\":\"Organization\",\"@id\":\"https:\/\/www.neptune.gr\/de\/#organization\",\"name\":\"Neptune Luxury Resort\",\"alternateName\":\"Neptune\",\"url\":\"https:\/\/www.neptune.gr\/de\/\",\"logo\":{\"@type\":\"ImageObject\",\"inLanguage\":\"de-DE\",\"@id\":\"https:\/\/www.neptune.gr\/de\/#\/schema\/logo\/image\/\",\"url\":\"https:\/\/www.neptune.gr\/wp-content\/uploads\/2023\/04\/positive-logo-rgb-light.jpg\",\"contentUrl\":\"https:\/\/www.neptune.gr\/wp-content\/uploads\/2023\/04\/positive-logo-rgb-light.jpg\",\"width\":775,\"height\":600,\"caption\":\"Neptune Luxury Resort\"},\"image\":{\"@id\":\"https:\/\/www.neptune.gr\/de\/#\/schema\/logo\/image\/\"},\"sameAs\":[\"https:\/\/www.facebook.com\/NeptuneHotelsKos\/\",\"https:\/\/www.instagram.com\/neptunehotels\/\",\"https:\/\/www.linkedin.com\/company\/neptunehotelskos\/\"]}]}<\/script>\n<!-- \/ Yoast SEO plugin. -->","yoast_head_json":{"title":"Whistleblowing | Neptune Luxury Resort","robots":{"index":"index","follow":"follow","max-snippet":"max-snippet:-1","max-image-preview":"max-image-preview:large","max-video-preview":"max-video-preview:-1"},"canonical":"https:\/\/www.neptune.gr\/de\/whistleblowing\/","og_locale":"de_DE","og_type":"article","og_title":"Whistleblowing | Neptune Luxury Resort","og_description":"Whistleblowing (G.4990\/2022) \u2013 Zust\u00e4ndiger f\u00fcr den Empfang und den Schutz von Meldungen Unsere Gesellschaft bem\u00fcht sich stets darum, dass sie ein Klima von Vertrauen und Transparenz, sowie auch hohe Standards von Unternehmensethik in ihrem allt\u00e4glichen Handeln bewahrt und f\u00f6rdert. Wir legen gro\u00dfen Wert auf die Sicherheit und die Ehre aller derjenigen Personen, die durch unsere [&hellip;]","og_url":"https:\/\/www.neptune.gr\/de\/whistleblowing\/","og_site_name":"Neptune Luxury Resort","article_publisher":"https:\/\/www.facebook.com\/NeptuneHotelsKos\/","og_image":[{"width":1200,"height":675,"url":"https:\/\/www.neptune.gr\/wp-content\/uploads\/2023\/04\/neptune_signature_image.jpg","type":"image\/jpeg"}],"twitter_card":"summary_large_image","schema":{"@context":"https:\/\/schema.org","@graph":[{"@type":"WebPage","@id":"https:\/\/www.neptune.gr\/de\/whistleblowing\/","url":"https:\/\/www.neptune.gr\/de\/whistleblowing\/","name":"Whistleblowing | Neptune Luxury Resort","isPartOf":{"@id":"https:\/\/www.neptune.gr\/de\/#website"},"datePublished":"2025-03-13T09:20:13+00:00","breadcrumb":{"@id":"https:\/\/www.neptune.gr\/de\/whistleblowing\/#breadcrumb"},"inLanguage":"de-DE","potentialAction":[{"@type":"ReadAction","target":["https:\/\/www.neptune.gr\/de\/whistleblowing\/"]}]},{"@type":"BreadcrumbList","@id":"https:\/\/www.neptune.gr\/de\/whistleblowing\/#breadcrumb","itemListElement":[{"@type":"ListItem","position":1,"name":"Home","item":"https:\/\/www.neptune.gr\/de\/"},{"@type":"ListItem","position":2,"name":"Whistleblowing"}]},{"@type":"WebSite","@id":"https:\/\/www.neptune.gr\/de\/#website","url":"https:\/\/www.neptune.gr\/de\/","name":"Neptune Luxury Resort","description":"","publisher":{"@id":"https:\/\/www.neptune.gr\/de\/#organization"},"alternateName":"Neptune","potentialAction":[{"@type":"SearchAction","target":{"@type":"EntryPoint","urlTemplate":"https:\/\/www.neptune.gr\/de\/?s={search_term_string}"},"query-input":{"@type":"PropertyValueSpecification","valueRequired":true,"valueName":"search_term_string"}}],"inLanguage":"de-DE"},{"@type":"Organization","@id":"https:\/\/www.neptune.gr\/de\/#organization","name":"Neptune Luxury Resort","alternateName":"Neptune","url":"https:\/\/www.neptune.gr\/de\/","logo":{"@type":"ImageObject","inLanguage":"de-DE","@id":"https:\/\/www.neptune.gr\/de\/#\/schema\/logo\/image\/","url":"https:\/\/www.neptune.gr\/wp-content\/uploads\/2023\/04\/positive-logo-rgb-light.jpg","contentUrl":"https:\/\/www.neptune.gr\/wp-content\/uploads\/2023\/04\/positive-logo-rgb-light.jpg","width":775,"height":600,"caption":"Neptune Luxury Resort"},"image":{"@id":"https:\/\/www.neptune.gr\/de\/#\/schema\/logo\/image\/"},"sameAs":["https:\/\/www.facebook.com\/NeptuneHotelsKos\/","https:\/\/www.instagram.com\/neptunehotels\/","https:\/\/www.linkedin.com\/company\/neptunehotelskos\/"]}]}},"_links":{"self":[{"href":"https:\/\/www.neptune.gr\/de\/wp-json\/wp\/v2\/pages\/118211","targetHints":{"allow":["GET"]}}],"collection":[{"href":"https:\/\/www.neptune.gr\/de\/wp-json\/wp\/v2\/pages"}],"about":[{"href":"https:\/\/www.neptune.gr\/de\/wp-json\/wp\/v2\/types\/page"}],"author":[{"embeddable":true,"href":"https:\/\/www.neptune.gr\/de\/wp-json\/wp\/v2\/users\/3"}],"replies":[{"embeddable":true,"href":"https:\/\/www.neptune.gr\/de\/wp-json\/wp\/v2\/comments?post=118211"}],"version-history":[{"count":5,"href":"https:\/\/www.neptune.gr\/de\/wp-json\/wp\/v2\/pages\/118211\/revisions"}],"predecessor-version":[{"id":118225,"href":"https:\/\/www.neptune.gr\/de\/wp-json\/wp\/v2\/pages\/118211\/revisions\/118225"}],"wp:attachment":[{"href":"https:\/\/www.neptune.gr\/de\/wp-json\/wp\/v2\/media?parent=118211"}],"curies":[{"name":"wp","href":"https:\/\/api.w.org\/{rel}","templated":true}]}}